{"id":19,"date":"2013-12-10T00:17:57","date_gmt":"2013-12-10T00:17:57","guid":{"rendered":"http:\/\/eecadvocaciadeapoio.com.br\/advocacia\/?page_id=19"},"modified":"2021-07-13T21:30:48","modified_gmt":"2021-07-13T21:30:48","slug":"atuacoes","status":"publish","type":"page","link":"https:\/\/geysacamara.com.br\/advocacia\/atuacoes\/","title":{"rendered":"Servi\u00e7os Jur\u00eddicos"},"content":{"rendered":"<h2>Servi\u00e7os Jur\u00eddicos no Brasil<\/h2>\n<p>Clique nos Links abaixo para conhecer as atua\u00e7\u00f5es de <a title=\"Outras atua\u00e7\u00f5es\" href=\"https:\/\/geysacamara.com.br\/advocacia\/index.php\/atuacoes\/outras-atuacoes\/\" target=\"_blank\" rel=\"noopener noreferrer\"><strong>Geysa Camara Advocacia<\/strong><\/a>:<\/p>\n<p>Nossas atua\u00e7\u00f5es:<ul id=\"menu-atuacoes-brasil\" class=\"menu\"><li id=\"menu-item-1039\" class=\"menu-item menu-item-type-post_type menu-item-object-page menu-item-1039\"><a href=\"https:\/\/geysacamara.com.br\/advocacia\/atuacoes\/direito-civel\/\">Direito Civil<\/a><\/li>\n<li id=\"menu-item-1040\" class=\"menu-item menu-item-type-post_type menu-item-object-page menu-item-1040\"><a href=\"https:\/\/geysacamara.com.br\/advocacia\/atuacoes\/direito-do-consumidor\/\">Direito do Consumidor<\/a><\/li>\n<li id=\"menu-item-1041\" class=\"menu-item menu-item-type-post_type menu-item-object-page menu-item-1041\"><a href=\"https:\/\/geysacamara.com.br\/advocacia\/atuacoes\/direito-da-familia\/\">Direito de Fam\u00edlia<\/a><\/li>\n<li id=\"menu-item-1042\" class=\"menu-item menu-item-type-post_type menu-item-object-page menu-item-1042\"><a href=\"https:\/\/geysacamara.com.br\/advocacia\/atuacoes\/direito-trabalhista\/\">Direito Trabalhista<\/a><\/li>\n<li id=\"menu-item-1043\" class=\"menu-item menu-item-type-post_type menu-item-object-page menu-item-1043\"><a href=\"https:\/\/geysacamara.com.br\/advocacia\/atuacoes\/direito-previdenciario\/\">Direito Previdenci\u00e1rio<\/a><\/li>\n<li id=\"menu-item-1049\" class=\"menu-item menu-item-type-post_type menu-item-object-page menu-item-1049\"><a href=\"https:\/\/geysacamara.com.br\/advocacia\/registro-de-marcas-2\/\">Registro Marcas INPI<\/a><\/li>\n<li id=\"menu-item-1044\" class=\"menu-item menu-item-type-post_type menu-item-object-page menu-item-1044\"><a href=\"https:\/\/geysacamara.com.br\/advocacia\/atuacoes\/outras-atuacoes\/\">Outras atua\u00e7\u00f5es<\/a><\/li>\n<\/ul>\n<p>&nbsp;<\/p>\n<p style=\"text-align: justify;\"><div class=\"su-note\"  style=\"border-color:#dddddd;border-radius:3px;-moz-border-radius:3px;-webkit-border-radius:3px;\"><div class=\"su-note-inner su-u-clearfix su-u-trim\" style=\"background-color:#f7f7f7;border-color:#ffffff;color:#333333;border-radius:3px;-moz-border-radius:3px;-webkit-border-radius:3px;\">\n<h2>Atua\u00e7\u00f5es no Brasil<\/h2>\n<p style=\"text-align: justify;\"><a title=\"https:\/\/geysacamara.com.br\/advocacia\" href=\"https:\/\/geysacamara.com.br\/advocacia\" target=\"_blank\" rel=\"noopener noreferrer\"><strong>Geysa Camara Advocacia<\/strong><\/a> disponibiliza servi\u00e7os diferenciados, desenhados para atender tanto a clientes finais quanto a outros escrit\u00f3rios de advocacia, atrav\u00e9s de correspond\u00eancia jur\u00eddica e servi\u00e7os de apoio, agregando solu\u00e7\u00f5es com agilidade e efic\u00e1cia em todas as inst\u00e2ncias, nas comarcas de Petr\u00f3polis e Rio de Janeiro (Capital) bem como nas demais cidades serranas e de interior do RJ, com servi\u00e7os jur\u00eddicos aut\u00f4nomos, abrangentes e de alta qualidade, incluindo\u00a0servi\u00e7os de\u00a0<a title=\"http:\/\/advocaciadepartido.com.br\" href=\"http:\/\/advocaciadepartido.com.br\" target=\"_blank\" rel=\"noopener noreferrer\">correspondente jur\u00eddico<\/a>. com <a title=\"Contatos\" href=\"https:\/\/geysacamara.com.br\/advocacia\/index.php\/entre-em-contato\/\" target=\"_blank\" rel=\"noopener noreferrer\">advogados em Petr\u00f3polis<\/a> e <a title=\"Contatos\" href=\"https:\/\/geysacamara.com.br\/advocacia\/index.php\/entre-em-contato\/\" target=\"_blank\" rel=\"noopener noreferrer\">advogados no Rio de Janeiro<\/a>.<\/p>\n<p><a href=\"https:\/\/geysacamara.com.br\/advocacia\/index.php\/atuacoes\/direito-civel\"><strong>Direito Civil\u00a0<\/strong><\/a>, <strong><a href=\"https:\/\/geysacamara.com.br\/advocacia\/index.php\/atuacoes\/direito-do-consumidor\/\">Direito do Consumidor<\/a>, <\/strong><strong><a href=\"https:\/\/geysacamara.com.br\/advocacia\/index.php\/atuacoes\/direito-da-familia\/\">Direito da Fam\u00edlia<\/a>, <\/strong><a href=\"https:\/\/geysacamara.com.br\/advocacia\/index.php\/atuacoes\/direito-previdenciario\/\"><strong>Direito Previdenci\u00e1rio<\/strong><\/a>, <strong><a href=\"https:\/\/geysacamara.com.br\/advocacia\/index.php\/ec-advocacia-de-partido\/\">Advocacia de Partido<\/a>, <\/strong><a href=\"https:\/\/geysacamara.com.br\/advocacia\/index.php\/correspondencia-juridica\/\"><strong>Correspond\u00eancia jur\u00eddica<\/strong><\/a>, <a href=\"https:\/\/geysacamara.com.br\/advocacia\/index.php\/direito-digital\/\"><strong>Direito Digital<\/strong><\/a>, <a href=\"https:\/\/geysacamara.com.br\/advocacia\/registro-de-marcas-2\/\"><strong>Registro de Marcas<\/strong><\/a><\/p>\n<\/div><\/div>\n<div class=\"su-spoiler su-spoiler-style-fancy su-spoiler-icon-arrow su-spoiler-closed\" data-scroll-offset=\"0\" data-anchor-in-url=\"no\"><div class=\"su-spoiler-title\" tabindex=\"0\" role=\"button\"><span class=\"su-spoiler-icon\"><\/span>Nossa atua\u00e7\u00f5es em Direito<\/div><div class=\"su-spoiler-content su-u-clearfix su-u-trim\">\n<p>Onde atuamos<\/p>\n<p><strong>Em nosso escopo de atua\u00e7\u00e3o em direito destacamos:<\/strong><\/p>\n<div class=\"su-table su-table-alternate\">\n<table>\n<tbody>\n<tr>\n<td><a href=\"https:\/\/geysacamara.com.br\/advocacia\/index.php\/atuacoes\/direito-do-consumidor\/\">Direito do consumidor<\/a><\/td>\n<td><a href=\"https:\/\/geysacamara.com.br\/advocacia\/index.php\/atuacoes\/direito-da-familia\/\">Direto de fam\u00edlia<\/a><\/td>\n<td><a href=\"https:\/\/geysacamara.com.br\/advocacia\/index.php\/atuacoes\/direito-civel\/\">Direito c\u00edvil<\/a><\/td>\n<\/tr>\n<tr>\n<td><a href=\"https:\/\/geysacamara.com.br\/advocacia\/index.php\/atuacoes\/direito-previdenciario\/\">Direito previdenci\u00e1rio<\/a><\/td>\n<td><a href=\"https:\/\/geysacamara.com.br\/advocacia\/index.php\/atuacoes\/direito-do-consumidor\/\">Negativa\u00e7\u00e3o indevida<\/a><\/td>\n<td><a href=\"https:\/\/geysacamara.com.br\/advocacia\/index.php\/atuacoes\/direito-da-familia\/\">Divorcio extrajudicial<\/a><\/td>\n<\/tr>\n<tr>\n<td><a href=\"https:\/\/geysacamara.com.br\/advocacia\">Acompanhamento a\u00e7\u00f5es<\/a><\/td>\n<td><a href=\"https:\/\/geysacamara.com.br\/advocacia\">Assist\u00eancia jur\u00eddica<\/a><\/td>\n<td><a href=\"https:\/\/geysacamara.com.br\/advocacia\/index.php\/atuacoes\/direito-civel\/\">Responsabilidade Civil<\/a><\/td>\n<\/tr>\n<tr>\n<td><a href=\"https:\/\/geysacamara.com.br\/advocacia\/index.php\/atuacoes\/direito-civel\/\">A\u00e7\u00e3o de Despejo<\/a><\/td>\n<td><a href=\"https:\/\/geysacamara.com.br\/advocacia\/index.php\/atuacoes\/direito-do-consumidor\/\">A\u00e7\u00e3o de Cobran\u00e7a<\/a><\/td>\n<td><a href=\"https:\/\/geysacamara.com.br\/advocacia\/index.php\/atuacoes\/direito-do-consumidor\/\">Execu\u00e7\u00f5es<\/a><\/td>\n<\/tr>\n<tr>\n<td><a href=\"https:\/\/geysacamara.com.br\/advocacia\/index.php\/atuacoes\/direito-civel\/\">A\u00e7\u00e3o de Usucapi\u00e3o<\/a><\/td>\n<td><a href=\"https:\/\/geysacamara.com.br\/advocacia\/index.php\/atuacoes\/direito-civel\/\">Impugna\u00e7\u00e3o de a\u00e7\u00e3o<\/a><\/td>\n<td><a href=\"https:\/\/geysacamara.com.br\/advocacia\/index.php\/atuacoes\/direito-civel\/\">Danos morais<\/a><\/td>\n<\/tr>\n<tr>\n<td><a href=\"https:\/\/geysacamara.com.br\/advocacia\/index.php\/atuacoes\/direito-do-consumidor\/\">A\u00e7\u00e3o por dano ao nome<\/a><\/td>\n<td><a href=\"https:\/\/geysacamara.com.br\/advocacia\/index.php\/atuacoes\/direito-do-consumidor\/\">A\u00e7\u00e3o por dano \u00e0 imagem<\/a><\/td>\n<td><a href=\"https:\/\/geysacamara.com.br\/advocacia\/index.php\/atuacoes\/direito-do-consumidor\/\">A\u00e7\u00e3o por dano \u00e0 honra<\/a><\/td>\n<\/tr>\n<tr>\n<td><a href=\"https:\/\/geysacamara.com.br\/advocacia\/index.php\/atuacoes\/direito-do-consumidor\/\">Dano \u00e0 dignidade da pessoa<\/a><\/td>\n<td><a href=\"https:\/\/geysacamara.com.br\/advocacia\/index.php\/atuacoes\/direito-do-consumidor\/\">A\u00e7\u00e3o por constrangimento<\/a><\/td>\n<td><a href=\"https:\/\/geysacamara.com.br\/advocacia\/index.php\/atuacoes\/direito-do-consumidor\/\">Danos est\u00e9ticos<\/a><\/td>\n<\/tr>\n<tr>\n<td><a href=\"https:\/\/geysacamara.com.br\/advocacia\/index.php\/atuacoes\/direito-do-consumidor\/\">A\u00e7\u00e3o por Abalo de Cr\u00e9dito<\/a><\/td>\n<td><a href=\"https:\/\/geysacamara.com.br\/advocacia\/index.php\/atuacoes\/direito-do-consumidor\/\">Prote\u00e7\u00e3o ao Consumidor<\/a><\/td>\n<td><a href=\"https:\/\/geysacamara.com.br\/advocacia\/index.php\/atuacoes\/direito-do-consumidor\/\">Problemas com Consumo<\/a><\/td>\n<\/tr>\n<tr>\n<td><a href=\"https:\/\/geysacamara.com.br\/advocacia\/index.php\/atuacoes\/direito-do-consumidor\/\">Falha Presta\u00e7\u00e3o de Servi\u00e7os<\/a><\/td>\n<td><a href=\"https:\/\/geysacamara.com.br\/advocacia\/index.php\/atuacoes\/direito-do-consumidor\/\">Pr\u00e1ticas Comerciais Abusivas<\/a><\/td>\n<td><a href=\"https:\/\/geysacamara.com.br\/advocacia\/index.php\/atuacoes\/direito-do-consumidor\/\">Publicidade enganosa<\/a><\/td>\n<\/tr>\n<tr>\n<td><a href=\"https:\/\/geysacamara.com.br\/advocacia\/index.php\/atuacoes\/direito-da-familia\/\">A\u00e7\u00e3o de\u00a0Div\u00f3rcios<\/a><\/td>\n<td><a href=\"https:\/\/geysacamara.com.br\/advocacia\/index.php\/atuacoes\/direito-civel\/\">Conduta abusiva<\/a><\/td>\n<td><a href=\"https:\/\/geysacamara.com.br\/advocacia\/index.php\/atuacoes\/direito-do-consumidor\/\">Cobran\u00e7a abusiva D\u00edvida<\/a><\/td>\n<\/tr>\n<tr>\n<td><a href=\"https:\/\/geysacamara.com.br\/advocacia\/index.php\/atuacoes\/direito-do-consumidor\/\">Inclus\u00e3o Indevida<\/a><\/td>\n<td><a href=\"https:\/\/geysacamara.com.br\/advocacia\/index.php\/atuacoes\/direito-do-consumidor\/\">Restri\u00e7\u00e3o ao Cr\u00e9dito<\/a><\/td>\n<td><a href=\"https:\/\/geysacamara.com.br\/advocacia\/index.php\/atuacoes\/direito-do-consumidor\/\">A\u00e7\u00e3o Cart\u00e3o de Cr\u00e9dito<\/a><\/td>\n<\/tr>\n<tr>\n<td><a href=\"https:\/\/geysacamara.com.br\/advocacia\/index.php\/atuacoes\/direito-civel\/\">Danos Materiais<\/a><\/td>\n<td><a href=\"https:\/\/geysacamara.com.br\/advocacia\/index.php\/atuacoes\/direito-civel\/\">Danos Morais<\/a><\/td>\n<td><a href=\"https:\/\/geysacamara.com.br\/advocacia\/index.php\/atuacoes\/direito-do-consumidor\/\">Compra pela Internet<\/a><\/td>\n<\/tr>\n<tr>\n<td><a href=\"https:\/\/geysacamara.com.br\/advocacia\/index.php\/atuacoes\/direito-do-consumidor\/\">Direito de Arrependimento<\/a><\/td>\n<td><a href=\"https:\/\/geysacamara.com.br\/advocacia\/index.php\/atuacoes\/direito-do-consumidor\/\">Produto n\u00e3o entregue\u00a0<\/a><\/td>\n<td><a href=\"https:\/\/geysacamara.com.br\/advocacia\/index.php\/atuacoes\/direito-do-consumidor\/\">Produto com Defeito<\/a><\/td>\n<\/tr>\n<tr>\n<td><a href=\"https:\/\/geysacamara.com.br\/advocacia\/index.php\/atuacoes\/direito-do-consumidor\/\">Recusa Garantia de Servi\u00e7o<\/a><\/td>\n<td><a href=\"https:\/\/geysacamara.com.br\/advocacia\/index.php\/atuacoes\/direito-do-consumidor\/\">Dano material ao consumidor<\/a><\/td>\n<td><a href=\"https:\/\/geysacamara.com.br\/advocacia\/index.php\/atuacoes\/direito-do-consumidor\/\">Negativa Exames M\u00e9dicos<\/a><\/td>\n<\/tr>\n<tr>\n<td><a href=\"https:\/\/geysacamara.com.br\/advocacia\/index.php\/correspondencia-juridica\/\">Elabora\u00e7\u00e3o de Processo<\/a><\/td>\n<td><a href=\"https:\/\/geysacamara.com.br\/advocacia\/index.php\/atuacoes\/direito-do-consumidor\/\">A\u00e7\u00e3o Planos de Sa\u00fade<\/a><\/td>\n<td><a href=\"https:\/\/geysacamara.com.br\/advocacia\/index.php\/atuacoes\/direito-do-consumidor\/\">Cl\u00e1usulas Abusivas<\/a><\/td>\n<\/tr>\n<tr>\n<td><a href=\"https:\/\/geysacamara.com.br\/advocacia\/index.php\/atuacoes\/direito-do-consumidor\/\">A\u00e7\u00e3o Contra Seguradoras<\/a><\/td>\n<td><a href=\"https:\/\/geysacamara.com.br\/advocacia\/index.php\/atuacoes\/direito-do-consumidor\/\">A\u00e7\u00e3o Previd\u00eancia Privada<\/a><\/td>\n<td><a href=\"https:\/\/geysacamara.com.br\/advocacia\/index.php\/atuacoes\/direito-do-consumidor\/\">A\u00e7\u00e3o contra bancos<\/a><\/td>\n<\/tr>\n<tr>\n<td><a href=\"https:\/\/geysacamara.com.br\/advocacia\/index.php\/atuacoes\/direito-do-consumidor\/\">A\u00e7\u00e3o por Atraso em V\u00f4os<\/a><\/td>\n<td><a href=\"https:\/\/geysacamara.com.br\/advocacia\/index.php\/atuacoes\/direito-do-consumidor\/\">A\u00e7\u00e3o por Extravio de Bagagens<\/a><\/td>\n<td><a href=\"https:\/\/geysacamara.com.br\/advocacia\/index.php\/atuacoes\/direito-do-consumidor\/\">A\u00e7\u00e3o\u00a0 Companhia A\u00e9rea<\/a><\/td>\n<\/tr>\n<tr>\n<td><a href=\"https:\/\/geysacamara.com.br\/advocacia\/index.php\/atuacoes\/direito-do-consumidor\/\">A\u00e7\u00e3o Contra Cons\u00f3rcios<\/a><\/td>\n<td><a href=\"https:\/\/geysacamara.com.br\/advocacia\/index.php\/atuacoes\/direito-do-consumidor\/\">A\u00e7\u00e3o Fornecedoras de Servi\u00e7os<\/a><\/td>\n<td><a href=\"https:\/\/geysacamara.com.br\/advocacia\/index.php\/atuacoes\/direito-da-familia\/\">Direito Fam\u00edlia e Sucess\u00f5es<\/a><\/td>\n<\/tr>\n<tr>\n<td><a href=\"https:\/\/geysacamara.com.br\/advocacia\/index.php\/atuacoes\/direito-da-familia\/\">A\u00e7\u00f5es de Uni\u00e3o est\u00e1vel<\/a><\/td>\n<td><a href=\"https:\/\/geysacamara.com.br\/advocacia\/index.php\/atuacoes\/direito-da-familia\/\">A\u00e7\u00e3o Revis\u00e3o de Pens\u00e3o<\/a><\/td>\n<td><a href=\"https:\/\/geysacamara.com.br\/advocacia\/index.php\/atuacoes\/direito-da-familia\/\">A\u00e7\u00e3o de Div\u00f3rcio<\/a><\/td>\n<\/tr>\n<tr>\n<td><a href=\"https:\/\/geysacamara.com.br\/advocacia\/index.php\/atuacoes\/direito-da-familia\/\">A\u00e7\u00e3o Guarda e Alimentos<\/a><\/td>\n<td><a href=\"https:\/\/geysacamara.com.br\/advocacia\/index.php\/atuacoes\/direito-da-familia\/\">A\u00e7\u00e3o uni\u00e3o homoafetiva<\/a><\/td>\n<td><a href=\"https:\/\/geysacamara.com.br\/advocacia\/index.php\/atuacoes\/direito-da-familia\/\">Invent\u00e1rios<\/a><\/td>\n<\/tr>\n<tr>\n<td><a href=\"https:\/\/geysacamara.com.br\/advocacia\/index.php\/atuacoes\/direito-da-familia\/\">Investiga\u00e7\u00e3o de paternidade<\/a><\/td>\n<td><a href=\"https:\/\/geysacamara.com.br\/advocacia\/index.php\/atuacoes\/direito-da-familia\/\">Testamentos<\/a><\/td>\n<td><a href=\"https:\/\/geysacamara.com.br\/advocacia\/index.php\/atuacoes\/direito-da-familia\/\">Alvar\u00e1 judicial<\/a><\/td>\n<\/tr>\n<tr>\n<td><a href=\"https:\/\/geysacamara.com.br\/advocacia\/index.php\/atuacoes\/direito-da-familia\/\">Processo de Ado\u00e7\u00e3o<\/a><\/td>\n<td><a href=\"https:\/\/geysacamara.com.br\/advocacia\/index.php\/atuacoes\/direito-da-familia\/\">Interdi\u00e7\u00e3o e Tutela<\/a><\/td>\n<td><a href=\"https:\/\/geysacamara.com.br\/advocacia\/index.php\/atuacoes\/direito-da-familia\/\">Partilha de bens<\/a><\/td>\n<\/tr>\n<tr>\n<td><a href=\"https:\/\/geysacamara.com.br\/advocacia\/index.php\/atuacoes\/direito-trabalhista\/\">Revis\u00e3o Horas Extra<\/a><\/td>\n<td><a href=\"https:\/\/geysacamara.com.br\/advocacia\/index.php\/atuacoes\/direito-trabalhista\/\">Processo Desvios de Fun\u00e7\u00e3o<\/a><\/td>\n<td><a href=\"https:\/\/geysacamara.com.br\/advocacia\/index.php\/atuacoes\/direito-trabalhista\/\">Processo Verbas Rescis\u00f3rias<\/a><\/td>\n<\/tr>\n<tr>\n<td><a href=\"https:\/\/geysacamara.com.br\/advocacia\/index.php\/atuacoes\/direito-trabalhista\/\">Diferen\u00e7as Salariais<\/a><\/td>\n<td><a href=\"https:\/\/geysacamara.com.br\/advocacia\/index.php\/atuacoes\/direito-trabalhista\/\">Falha de Dep\u00f3sito FGTS<\/a><\/td>\n<td><a href=\"https:\/\/geysacamara.com.br\/advocacia\/index.php\/atuacoes\/direito-trabalhista\/\">A\u00e7\u00e3o por ass\u00e9dio moral<\/a><\/td>\n<\/tr>\n<tr>\n<td><a href=\"https:\/\/geysacamara.com.br\/advocacia\/index.php\/correspondencia-juridica\/\">Despacho com Magistrados <\/a><\/td>\n<td><a href=\"https:\/\/geysacamara.com.br\/advocacia\/index.php\/correspondencia-juridica\/\">Realiza\u00e7\u00e3o de audi\u00eancias<\/a><\/td>\n<td><a href=\"https:\/\/geysacamara.com.br\/advocacia\/index.php\/correspondencia-juridica\/\">Atua\u00e7\u00e3o como Preposto<\/a><\/td>\n<\/tr>\n<tr>\n<td><a href=\"https:\/\/geysacamara.com.br\/advocacia\/index.php\/correspondencia-juridica\/\">Devolu\u00e7\u00e3o de Cargas<\/a><\/td>\n<td><a href=\"https:\/\/geysacamara.com.br\/advocacia\/index.php\/correspondencia-juridica\/\">Cumprimento de Dilig\u00eancias<\/a><\/td>\n<td><a href=\"https:\/\/geysacamara.com.br\/advocacia\/index.php\/correspondencia-juridica\/\">Distribui\u00e7\u00f5es de A\u00e7\u00f5es<\/a><\/td>\n<\/tr>\n<tr>\n<td><a href=\"https:\/\/geysacamara.com.br\/advocacia\/index.php\/correspondencia-juridica\/\">C\u00f3pias de Processos\u00a0<\/a><\/td>\n<td><a href=\"https:\/\/geysacamara.com.br\/advocacia\/index.php\/correspondencia-juridica\/\">Acompanhamento de processos<\/a><\/td>\n<td><a href=\"https:\/\/geysacamara.com.br\/advocacia\/index.php\/correspondencia-juridica\/\">Registro de Im\u00f3veis<\/a><\/td>\n<\/tr>\n<\/tbody>\n<\/table>\n<\/div>\n<\/div><\/div>\n<div class=\"su-note\"  style=\"border-color:#dddddd;border-radius:3px;-moz-border-radius:3px;-webkit-border-radius:3px;\"><div class=\"su-note-inner su-u-clearfix su-u-trim\" style=\"background-color:#f7f7f7;border-color:#ffffff;color:#333333;border-radius:3px;-moz-border-radius:3px;-webkit-border-radius:3px;\">Geysa Camara Advogada | Advogado comarca Petr\u00f3polis | Advogado regiao serrana<\/div><\/div>\n<div id=\"attachment_1032\" style=\"width: 1034px\" class=\"wp-caption aligncenter\"><img loading=\"lazy\" decoding=\"async\" aria-describedby=\"caption-attachment-1032\" class=\"wp-image-1032 size-large\" src=\"https:\/\/geysacamara.com.br\/advocacia\/wp-content\/uploads\/2021\/07\/CAPA-1024x533.jpg\" alt=\"Advogada Geysa Camara\" width=\"1024\" height=\"533\" srcset=\"https:\/\/geysacamara.com.br\/advocacia\/wp-content\/uploads\/2021\/07\/CAPA-1024x533.jpg 1024w, https:\/\/geysacamara.com.br\/advocacia\/wp-content\/uploads\/2021\/07\/CAPA-300x156.jpg 300w, https:\/\/geysacamara.com.br\/advocacia\/wp-content\/uploads\/2021\/07\/CAPA-768x400.jpg 768w, https:\/\/geysacamara.com.br\/advocacia\/wp-content\/uploads\/2021\/07\/CAPA-150x78.jpg 150w, https:\/\/geysacamara.com.br\/advocacia\/wp-content\/uploads\/2021\/07\/CAPA.jpg 1400w\" sizes=\"auto, (max-width: 1024px) 100vw, 1024px\" \/><p id=\"caption-attachment-1032\" class=\"wp-caption-text\">Advogada Geysa Camara<\/p><\/div>\n<p>&nbsp;<\/p>\n","protected":false},"excerpt":{"rendered":"<p>Atuamos com servi\u00e7os jur\u00eddicos e consultoria em direito<\/p>\n","protected":false},"author":1,"featured_media":0,"parent":0,"menu_order":1,"comment_status":"closed","ping_status":"closed","template":"","meta":{"footnotes":"","_links_to":"","_links_to_target":""},"class_list":["post-19","page","type-page","status-publish","hentry"],"yoast_head":"<!-- This site is optimized with the Yoast SEO plugin v26.7 - https:\/\/yoast.com\/wordpress\/plugins\/seo\/ -->\n<title>Atua\u00e7\u00f5es em Direito, Geysa Camara \u00e9 advogada Petr\u00f3polis,<\/title>\n<meta name=\"description\" content=\"Geysa Camara Advogados em Petr\u00f3polis com atua\u00e7\u00f5es em Direito civil, Direito do do Consumidore Direito trabalhista e correspondente jur\u00eddico\" \/>\n<meta name=\"robots\" content=\"index, follow, max-snippet:-1, max-image-preview:large, max-video-preview:-1\" \/>\n<link rel=\"canonical\" href=\"https:\/\/geysacamara.com.br\/advocacia\/atuacoes\/\" \/>\n<meta property=\"og:locale\" content=\"en_US\" \/>\n<meta property=\"og:type\" content=\"article\" \/>\n<meta property=\"og:title\" content=\"Atua\u00e7\u00f5es em Direito, Geysa Camara \u00e9 advogada Petr\u00f3polis,\" \/>\n<meta property=\"og:description\" content=\"Geysa Camara Advogados em Petr\u00f3polis com atua\u00e7\u00f5es em Direito civil, Direito do do Consumidore Direito trabalhista e correspondente jur\u00eddico\" \/>\n<meta property=\"og:url\" content=\"https:\/\/geysacamara.com.br\/advocacia\/atuacoes\/\" \/>\n<meta property=\"og:site_name\" content=\"GEYSA CAMARA\" \/>\n<meta property=\"article:publisher\" content=\"https:\/\/www.facebook.com\/geysacamaraadvogada\" \/>\n<meta property=\"article:modified_time\" content=\"2021-07-13T21:30:48+00:00\" \/>\n<meta property=\"og:image\" content=\"http:\/\/geysacamara.com.br\/advocacia\/wp-content\/uploads\/2021\/07\/CAPA-1024x533.jpg\" \/>\n<meta name=\"twitter:card\" content=\"summary_large_image\" \/>\n<meta name=\"twitter:site\" content=\"@advocaciacamara\" \/>\n<meta name=\"twitter:label1\" content=\"Est. reading time\" \/>\n\t<meta name=\"twitter:data1\" content=\"3 minutes\" \/>\n<script type=\"application\/ld+json\" class=\"yoast-schema-graph\">{\"@context\":\"https:\/\/schema.org\",\"@graph\":[{\"@type\":\"WebPage\",\"@id\":\"https:\/\/geysacamara.com.br\/advocacia\/atuacoes\/\",\"url\":\"https:\/\/geysacamara.com.br\/advocacia\/atuacoes\/\",\"name\":\"Atua\u00e7\u00f5es em Direito, Geysa Camara \u00e9 advogada Petr\u00f3polis,\",\"isPartOf\":{\"@id\":\"https:\/\/geysacamara.com.br\/advocacia\/#website\"},\"primaryImageOfPage\":{\"@id\":\"https:\/\/geysacamara.com.br\/advocacia\/atuacoes\/#primaryimage\"},\"image\":{\"@id\":\"https:\/\/geysacamara.com.br\/advocacia\/atuacoes\/#primaryimage\"},\"thumbnailUrl\":\"http:\/\/geysacamara.com.br\/advocacia\/wp-content\/uploads\/2021\/07\/CAPA-1024x533.jpg\",\"datePublished\":\"2013-12-10T00:17:57+00:00\",\"dateModified\":\"2021-07-13T21:30:48+00:00\",\"description\":\"Geysa Camara Advogados em Petr\u00f3polis com atua\u00e7\u00f5es em Direito civil, Direito do do Consumidore Direito trabalhista e correspondente jur\u00eddico\",\"inLanguage\":\"en-US\",\"potentialAction\":[{\"@type\":\"ReadAction\",\"target\":[\"https:\/\/geysacamara.com.br\/advocacia\/atuacoes\/\"]}]},{\"@type\":\"ImageObject\",\"inLanguage\":\"en-US\",\"@id\":\"https:\/\/geysacamara.com.br\/advocacia\/atuacoes\/#primaryimage\",\"url\":\"http:\/\/geysacamara.com.br\/advocacia\/wp-content\/uploads\/2021\/07\/CAPA-1024x533.jpg\",\"contentUrl\":\"http:\/\/geysacamara.com.br\/advocacia\/wp-content\/uploads\/2021\/07\/CAPA-1024x533.jpg\"},{\"@type\":\"WebSite\",\"@id\":\"https:\/\/geysacamara.com.br\/advocacia\/#website\",\"url\":\"https:\/\/geysacamara.com.br\/advocacia\/\",\"name\":\"GEYSA CAMARA\",\"description\":\"Advogada Petr\u00f3polis RJ e  Portugal\",\"potentialAction\":[{\"@type\":\"SearchAction\",\"target\":{\"@type\":\"EntryPoint\",\"urlTemplate\":\"https:\/\/geysacamara.com.br\/advocacia\/?s={search_term_string}\"},\"query-input\":{\"@type\":\"PropertyValueSpecification\",\"valueRequired\":true,\"valueName\":\"search_term_string\"}}],\"inLanguage\":\"en-US\"}]}<\/script>\n<!-- \/ Yoast SEO plugin. -->","yoast_head_json":{"title":"Atua\u00e7\u00f5es em Direito, Geysa Camara \u00e9 advogada Petr\u00f3polis,","description":"Geysa Camara Advogados em Petr\u00f3polis com atua\u00e7\u00f5es em Direito civil, Direito do do Consumidore Direito trabalhista e correspondente jur\u00eddico","robots":{"index":"index","follow":"follow","max-snippet":"max-snippet:-1","max-image-preview":"max-image-preview:large","max-video-preview":"max-video-preview:-1"},"canonical":"https:\/\/geysacamara.com.br\/advocacia\/atuacoes\/","og_locale":"en_US","og_type":"article","og_title":"Atua\u00e7\u00f5es em Direito, Geysa Camara \u00e9 advogada Petr\u00f3polis,","og_description":"Geysa Camara Advogados em Petr\u00f3polis com atua\u00e7\u00f5es em Direito civil, Direito do do Consumidore Direito trabalhista e correspondente jur\u00eddico","og_url":"https:\/\/geysacamara.com.br\/advocacia\/atuacoes\/","og_site_name":"GEYSA CAMARA","article_publisher":"https:\/\/www.facebook.com\/geysacamaraadvogada","article_modified_time":"2021-07-13T21:30:48+00:00","og_image":[{"url":"http:\/\/geysacamara.com.br\/advocacia\/wp-content\/uploads\/2021\/07\/CAPA-1024x533.jpg","type":"","width":"","height":""}],"twitter_card":"summary_large_image","twitter_site":"@advocaciacamara","twitter_misc":{"Est. reading time":"3 minutes"},"schema":{"@context":"https:\/\/schema.org","@graph":[{"@type":"WebPage","@id":"https:\/\/geysacamara.com.br\/advocacia\/atuacoes\/","url":"https:\/\/geysacamara.com.br\/advocacia\/atuacoes\/","name":"Atua\u00e7\u00f5es em Direito, Geysa Camara \u00e9 advogada Petr\u00f3polis,","isPartOf":{"@id":"https:\/\/geysacamara.com.br\/advocacia\/#website"},"primaryImageOfPage":{"@id":"https:\/\/geysacamara.com.br\/advocacia\/atuacoes\/#primaryimage"},"image":{"@id":"https:\/\/geysacamara.com.br\/advocacia\/atuacoes\/#primaryimage"},"thumbnailUrl":"http:\/\/geysacamara.com.br\/advocacia\/wp-content\/uploads\/2021\/07\/CAPA-1024x533.jpg","datePublished":"2013-12-10T00:17:57+00:00","dateModified":"2021-07-13T21:30:48+00:00","description":"Geysa Camara Advogados em Petr\u00f3polis com atua\u00e7\u00f5es em Direito civil, Direito do do Consumidore Direito trabalhista e correspondente jur\u00eddico","inLanguage":"en-US","potentialAction":[{"@type":"ReadAction","target":["https:\/\/geysacamara.com.br\/advocacia\/atuacoes\/"]}]},{"@type":"ImageObject","inLanguage":"en-US","@id":"https:\/\/geysacamara.com.br\/advocacia\/atuacoes\/#primaryimage","url":"http:\/\/geysacamara.com.br\/advocacia\/wp-content\/uploads\/2021\/07\/CAPA-1024x533.jpg","contentUrl":"http:\/\/geysacamara.com.br\/advocacia\/wp-content\/uploads\/2021\/07\/CAPA-1024x533.jpg"},{"@type":"WebSite","@id":"https:\/\/geysacamara.com.br\/advocacia\/#website","url":"https:\/\/geysacamara.com.br\/advocacia\/","name":"GEYSA CAMARA","description":"Advogada Petr\u00f3polis RJ e  Portugal","potentialAction":[{"@type":"SearchAction","target":{"@type":"EntryPoint","urlTemplate":"https:\/\/geysacamara.com.br\/advocacia\/?s={search_term_string}"},"query-input":{"@type":"PropertyValueSpecification","valueRequired":true,"valueName":"search_term_string"}}],"inLanguage":"en-US"}]}},"_links":{"self":[{"href":"https:\/\/geysacamara.com.br\/advocacia\/wp-json\/wp\/v2\/pages\/19","targetHints":{"allow":["GET"]}}],"collection":[{"href":"https:\/\/geysacamara.com.br\/advocacia\/wp-json\/wp\/v2\/pages"}],"about":[{"href":"https:\/\/geysacamara.com.br\/advocacia\/wp-json\/wp\/v2\/types\/page"}],"author":[{"embeddable":true,"href":"https:\/\/geysacamara.com.br\/advocacia\/wp-json\/wp\/v2\/users\/1"}],"replies":[{"embeddable":true,"href":"https:\/\/geysacamara.com.br\/advocacia\/wp-json\/wp\/v2\/comments?post=19"}],"version-history":[{"count":55,"href":"https:\/\/geysacamara.com.br\/advocacia\/wp-json\/wp\/v2\/pages\/19\/revisions"}],"predecessor-version":[{"id":301,"href":"https:\/\/geysacamara.com.br\/advocacia\/wp-json\/wp\/v2\/pages\/19\/revisions\/301"}],"wp:attachment":[{"href":"https:\/\/geysacamara.com.br\/advocacia\/wp-json\/wp\/v2\/media?parent=19"}],"curies":[{"name":"wp","href":"https:\/\/api.w.org\/{rel}","templated":true}]}}