{"id":23,"date":"2013-12-10T00:20:33","date_gmt":"2013-12-10T00:20:33","guid":{"rendered":"http:\/\/eecadvocaciadeapoio.com.br\/advocacia\/?page_id=23"},"modified":"2019-03-14T16:04:07","modified_gmt":"2019-03-14T16:04:07","slug":"correspondencia-juridica","status":"publish","type":"page","link":"https:\/\/geysacamara.com.br\/advocacia\/correspondencia-juridica\/","title":{"rendered":"Correspond\u00eancia Jur\u00eddica"},"content":{"rendered":"<h2>Servi\u00e7os de Advogado Correspondente<\/h2>\n<hr \/>\n<p>Conhe\u00e7a um pouco sobre nosso diferencial de servi\u00e7os em Correspond\u00eancia Jur\u00eddica e \u00a0Advocacia de Apoio:<\/p>\n<div class=\"su-note\"  style=\"border-color:#dddddd;border-radius:3px;-moz-border-radius:3px;-webkit-border-radius:3px;\"><div class=\"su-note-inner su-u-clearfix su-u-trim\" style=\"background-color:#f7f7f7;border-color:#ffffff;color:#333333;border-radius:3px;-moz-border-radius:3px;-webkit-border-radius:3px;\">Prestamos servi\u00e7os de apoio e suporte jur\u00eddico aos profissionais de direito e escrit\u00f3rios de todo Brasil ou do exterior, que necessitem de dilig\u00eancias judiciais e extrajudiciais.<\/p>\n<p><a href=\"https:\/\/geysacamara.com.br\/advocacia\/wp-content\/uploads\/2013\/12\/correspondente-juridico1.jpg\" data-rel=\"lightbox-image-0\" data-rl_title=\"\" data-rl_caption=\"\"><img loading=\"lazy\" decoding=\"async\" class=\"alignleft wp-image-422 size-medium\" title=\"\" src=\"https:\/\/geysacamara.com.br\/advocacia\/wp-content\/uploads\/2013\/12\/correspondente-juridico1-300x199.jpg\" alt=\"Correspond\u00eancia Jur\u00eddica\" width=\"300\" height=\"199\" srcset=\"https:\/\/geysacamara.com.br\/advocacia\/wp-content\/uploads\/2013\/12\/correspondente-juridico1-300x199.jpg 300w, https:\/\/geysacamara.com.br\/advocacia\/wp-content\/uploads\/2013\/12\/correspondente-juridico1.jpg 425w\" sizes=\"auto, (max-width: 300px) 100vw, 300px\" \/><\/a>Atuamos nas Comarcas de Petr\u00f3polis, \u00a0Rio de Janeiro, Duque de Caxias,\u00a0\u00a0Teres\u00f3polis, Tr\u00eas Rios, Para\u00edba do Sul, dentre outras.Visamos atender as necessidades dos escrit\u00f3rios parceiros sempre de forma \u00e1gil e produtiva, proporcionando economia, praticidade, efici\u00eancia e qualidade.Atuamos junto a Cart\u00f3rios, Justi\u00e7a Federal, Justi\u00e7a Estadual\u00a0 e Juizados Especiais.<\/div><\/div>\n<hr \/>\n<p style=\"text-align: justify;\"><strong style=\"font-size: 1rem;\">Servi\u00e7os oferecidos<\/strong><span style=\"font-size: 1rem;\">:<\/span><\/p>\n<div class=\"su-table su-table-alternate\">\n<table>\n<tbody>\n<tr>\n<td>Realiza\u00e7\u00e3o de audi\u00eancias<\/td>\n<td>Atua\u00e7\u00e3o como Preposto<\/td>\n<\/tr>\n<tr>\n<td>Despacho com Magistrados\/MP\/Procuradores<\/td>\n<td>Cumprimento de Dilig\u00eancias em geral<\/td>\n<\/tr>\n<tr>\n<td>Distribui\u00e7\u00f5es de a\u00e7\u00f5es e recursos<\/td>\n<td>Devolu\u00e7\u00e3o de cargas<\/td>\n<\/tr>\n<tr>\n<td>C\u00f3pias\/Fotoc\u00f3pias de processos<\/td>\n<td>Pedidos de certid\u00f5es forenses e \u00f3rg\u00e3os p\u00fablicos<\/td>\n<\/tr>\n<tr>\n<td>Cart\u00f3rios de Registro de Im\u00f3veis<\/td>\n<td>Dilig\u00eancias a \u00f3rg\u00e3os da administra\u00e7\u00e3o p\u00fablica<\/td>\n<\/tr>\n<tr>\n<td>Acompanhamento de processos<\/td>\n<td>Elabora\u00e7\u00e3o de pe\u00e7as processuais<\/td>\n<\/tr>\n<\/tbody>\n<\/table>\n<\/div>\n<hr \/>\n<div class=\"su-spoiler su-spoiler-style-fancy su-spoiler-icon-arrow su-spoiler-closed\" data-scroll-offset=\"0\" data-anchor-in-url=\"no\"><div class=\"su-spoiler-title\" tabindex=\"0\" role=\"button\"><span class=\"su-spoiler-icon\"><\/span>CONTRATE CORRESPONDENTE EM PETR\u00d3POLIS - RJ <\/div><div class=\"su-spoiler-content su-u-clearfix su-u-trim\">\n<a title=\"Advogado correspondente em Petr\u00f3polis\" href=\"mailto:advocacia@geysacamara.com.br\" target=\"_blank\" rel=\"noopener noreferrer\">advocacia@geysacamara.com.br<\/a><br \/>\n<a href=\"https:\/\/web.whatsapp.com\/send?phone=351914525%20996&amp;text=Ola,%20gostaria%20de%20informa%C3%A7%C3%B5es%20sobre%20servicos%20jur%C3%ADdicos\" target=\"_blank\" rel=\"noopener noreferrer\">Whatsapp<\/a><\/p>\n<p><strong>Comarcas onde atuamos como Correspondentes Jur\u00eddicos:<\/strong><br \/>\nTemos equipe de advogados correspondentes, prestando advocacia de apoio e correspond\u00eancia jur\u00eddica nas seguintes comarcas:<\/p>\n<p>Petr\u00f3polis<\/p>\n<p>Rio de Janeiro<\/p>\n<p>Teres\u00f3polis<\/p>\n<p>Duque de Caxias<\/p>\n<p>Tr\u00eas Rios<\/p>\n<p>Para\u00edba do Sul<\/p>\n<\/div><\/div>\n<div class=\"su-spoiler su-spoiler-style-fancy su-spoiler-icon-arrow su-spoiler-closed\" data-scroll-offset=\"0\" data-anchor-in-url=\"no\"><div class=\"su-spoiler-title\" tabindex=\"0\" role=\"button\"><span class=\"su-spoiler-icon\"><\/span>CONTRATE CORRESPONDENTE EM LISBOA  - PORTUGAL <\/div><div class=\"su-spoiler-content su-u-clearfix su-u-trim\">\n<a title=\"Advogado correspondente em Petr\u00f3polis\" href=\"mailto:advocacia@geysacamara.com.br\" target=\"_blank\" rel=\"noopener noreferrer\">advocacia@geysacamara.com.br<\/a><br \/>\n<a href=\"https:\/\/web.whatsapp.com\/send?phone=351914525%20996&amp;text=Ola,%20gostaria%20de%20informa%C3%A7%C3%B5es%20sobre%20servicos%20jur%C3%ADdicos\" target=\"_blank\" rel=\"noopener noreferrer\">Whatsapp<\/a><br \/>\n<\/div><\/div>\n<hr \/>\n<div class=\"su-note\"  style=\"border-color:#dddddd;border-radius:3px;-moz-border-radius:3px;-webkit-border-radius:3px;\"><div class=\"su-note-inner su-u-clearfix su-u-trim\" style=\"background-color:#f7f7f7;border-color:#ffffff;color:#333333;border-radius:3px;-moz-border-radius:3px;-webkit-border-radius:3px;\">\n<p><a href=\"https:\/\/geysacamara.com.br\/advocacia\/index.php\/entre-em-contato\/\"><strong>Senhor Advogado: contate-nos e solicite um or\u00e7amento.<\/strong><\/a><\/p>\n<p>Contrate nossos servi\u00e7os de Advocacia de Apoio e Correspond\u00eancia Jur\u00eddica no Estado do RJ e desfrute com comodidade de servi\u00e7os desenhados exclusivamente para atender com excel\u00eancia a Advogados e Escrit\u00f3rio de Advocacia, resultando em:<br \/>\n&#8211; Economia de tempo e recursos;<br \/>\n&#8211; Servi\u00e7os de apoio jur\u00eddico de alta qualidade t\u00e9cnica;<br \/>\n&#8211; Atendimento diferenciado primando por \u00e9tica e discri\u00e7\u00e3o absolutas<\/p>\n<\/div><\/div>.<\/p>\n","protected":false},"excerpt":{"rendered":"<p>Correspondentes em Petr\u00f3polis, RJ e Lisboa, em Portugal.<\/p>\n","protected":false},"author":1,"featured_media":832,"parent":0,"menu_order":4,"comment_status":"closed","ping_status":"closed","template":"","meta":{"footnotes":"","_links_to":"","_links_to_target":""},"class_list":["post-23","page","type-page","status-publish","has-post-thumbnail","hentry"],"yoast_head":"<!-- This site is optimized with the Yoast SEO plugin v26.7 - https:\/\/yoast.com\/wordpress\/plugins\/seo\/ -->\n<title>Advogado em Petr\u00f3polis, correspondente juridico Petr\u00f3polis RJ<\/title>\n<meta name=\"description\" content=\"Correspond\u00eancia jur\u00eddica \u00e9 uma das atua\u00e7\u00f5es da advogada Geysa Camara em Petr\u00f3polis, Advogada Correspondente especializada em direito civil e consumidor\" \/>\n<meta name=\"robots\" content=\"index, follow, max-snippet:-1, max-image-preview:large, max-video-preview:-1\" \/>\n<link rel=\"canonical\" href=\"https:\/\/geysacamara.com.br\/advocacia\/correspondencia-juridica\/\" \/>\n<meta property=\"og:locale\" content=\"en_US\" \/>\n<meta property=\"og:type\" content=\"article\" \/>\n<meta property=\"og:title\" content=\"Advogado em Petr\u00f3polis, correspondente juridico Petr\u00f3polis RJ\" \/>\n<meta property=\"og:description\" content=\"Correspond\u00eancia jur\u00eddica \u00e9 uma das atua\u00e7\u00f5es da advogada Geysa Camara em Petr\u00f3polis, Advogada Correspondente especializada em direito civil e consumidor\" \/>\n<meta property=\"og:url\" content=\"https:\/\/geysacamara.com.br\/advocacia\/correspondencia-juridica\/\" \/>\n<meta property=\"og:site_name\" content=\"GEYSA CAMARA\" \/>\n<meta property=\"article:publisher\" content=\"https:\/\/www.facebook.com\/geysacamaraadvogada\" \/>\n<meta property=\"article:modified_time\" content=\"2019-03-14T16:04:07+00:00\" \/>\n<meta property=\"og:image\" content=\"https:\/\/geysacamara.com.br\/advocacia\/wp-content\/uploads\/2019\/03\/direito43.jpg\" \/>\n\t<meta property=\"og:image:width\" content=\"1600\" \/>\n\t<meta property=\"og:image:height\" content=\"625\" \/>\n\t<meta property=\"og:image:type\" content=\"image\/jpeg\" \/>\n<meta name=\"twitter:card\" content=\"summary_large_image\" \/>\n<meta name=\"twitter:site\" content=\"@advocaciacamara\" \/>\n<meta name=\"twitter:label1\" content=\"Est. reading time\" \/>\n\t<meta name=\"twitter:data1\" content=\"2 minutes\" \/>\n<script type=\"application\/ld+json\" class=\"yoast-schema-graph\">{\"@context\":\"https:\/\/schema.org\",\"@graph\":[{\"@type\":\"WebPage\",\"@id\":\"https:\/\/geysacamara.com.br\/advocacia\/correspondencia-juridica\/\",\"url\":\"https:\/\/geysacamara.com.br\/advocacia\/correspondencia-juridica\/\",\"name\":\"Advogado em Petr\u00f3polis, correspondente juridico Petr\u00f3polis RJ\",\"isPartOf\":{\"@id\":\"https:\/\/geysacamara.com.br\/advocacia\/#website\"},\"primaryImageOfPage\":{\"@id\":\"https:\/\/geysacamara.com.br\/advocacia\/correspondencia-juridica\/#primaryimage\"},\"image\":{\"@id\":\"https:\/\/geysacamara.com.br\/advocacia\/correspondencia-juridica\/#primaryimage\"},\"thumbnailUrl\":\"https:\/\/geysacamara.com.br\/advocacia\/wp-content\/uploads\/2019\/03\/direito43.jpg\",\"datePublished\":\"2013-12-10T00:20:33+00:00\",\"dateModified\":\"2019-03-14T16:04:07+00:00\",\"description\":\"Correspond\u00eancia jur\u00eddica \u00e9 uma das atua\u00e7\u00f5es da advogada Geysa Camara em Petr\u00f3polis, Advogada Correspondente especializada em direito civil e consumidor\",\"inLanguage\":\"en-US\",\"potentialAction\":[{\"@type\":\"ReadAction\",\"target\":[\"https:\/\/geysacamara.com.br\/advocacia\/correspondencia-juridica\/\"]}]},{\"@type\":\"ImageObject\",\"inLanguage\":\"en-US\",\"@id\":\"https:\/\/geysacamara.com.br\/advocacia\/correspondencia-juridica\/#primaryimage\",\"url\":\"https:\/\/geysacamara.com.br\/advocacia\/wp-content\/uploads\/2019\/03\/direito43.jpg\",\"contentUrl\":\"https:\/\/geysacamara.com.br\/advocacia\/wp-content\/uploads\/2019\/03\/direito43.jpg\",\"width\":1600,\"height\":625,\"caption\":\"Direito Autoral\"},{\"@type\":\"WebSite\",\"@id\":\"https:\/\/geysacamara.com.br\/advocacia\/#website\",\"url\":\"https:\/\/geysacamara.com.br\/advocacia\/\",\"name\":\"GEYSA CAMARA\",\"description\":\"Advogada Petr\u00f3polis RJ e  Portugal\",\"potentialAction\":[{\"@type\":\"SearchAction\",\"target\":{\"@type\":\"EntryPoint\",\"urlTemplate\":\"https:\/\/geysacamara.com.br\/advocacia\/?s={search_term_string}\"},\"query-input\":{\"@type\":\"PropertyValueSpecification\",\"valueRequired\":true,\"valueName\":\"search_term_string\"}}],\"inLanguage\":\"en-US\"}]}<\/script>\n<!-- \/ Yoast SEO plugin. -->","yoast_head_json":{"title":"Advogado em Petr\u00f3polis, correspondente juridico Petr\u00f3polis RJ","description":"Correspond\u00eancia jur\u00eddica \u00e9 uma das atua\u00e7\u00f5es da advogada Geysa Camara em Petr\u00f3polis, Advogada Correspondente especializada em direito civil e consumidor","robots":{"index":"index","follow":"follow","max-snippet":"max-snippet:-1","max-image-preview":"max-image-preview:large","max-video-preview":"max-video-preview:-1"},"canonical":"https:\/\/geysacamara.com.br\/advocacia\/correspondencia-juridica\/","og_locale":"en_US","og_type":"article","og_title":"Advogado em Petr\u00f3polis, correspondente juridico Petr\u00f3polis RJ","og_description":"Correspond\u00eancia jur\u00eddica \u00e9 uma das atua\u00e7\u00f5es da advogada Geysa Camara em Petr\u00f3polis, Advogada Correspondente especializada em direito civil e consumidor","og_url":"https:\/\/geysacamara.com.br\/advocacia\/correspondencia-juridica\/","og_site_name":"GEYSA CAMARA","article_publisher":"https:\/\/www.facebook.com\/geysacamaraadvogada","article_modified_time":"2019-03-14T16:04:07+00:00","og_image":[{"width":1600,"height":625,"url":"https:\/\/geysacamara.com.br\/advocacia\/wp-content\/uploads\/2019\/03\/direito43.jpg","type":"image\/jpeg"}],"twitter_card":"summary_large_image","twitter_site":"@advocaciacamara","twitter_misc":{"Est. reading time":"2 minutes"},"schema":{"@context":"https:\/\/schema.org","@graph":[{"@type":"WebPage","@id":"https:\/\/geysacamara.com.br\/advocacia\/correspondencia-juridica\/","url":"https:\/\/geysacamara.com.br\/advocacia\/correspondencia-juridica\/","name":"Advogado em Petr\u00f3polis, correspondente juridico Petr\u00f3polis RJ","isPartOf":{"@id":"https:\/\/geysacamara.com.br\/advocacia\/#website"},"primaryImageOfPage":{"@id":"https:\/\/geysacamara.com.br\/advocacia\/correspondencia-juridica\/#primaryimage"},"image":{"@id":"https:\/\/geysacamara.com.br\/advocacia\/correspondencia-juridica\/#primaryimage"},"thumbnailUrl":"https:\/\/geysacamara.com.br\/advocacia\/wp-content\/uploads\/2019\/03\/direito43.jpg","datePublished":"2013-12-10T00:20:33+00:00","dateModified":"2019-03-14T16:04:07+00:00","description":"Correspond\u00eancia jur\u00eddica \u00e9 uma das atua\u00e7\u00f5es da advogada Geysa Camara em Petr\u00f3polis, Advogada Correspondente especializada em direito civil e consumidor","inLanguage":"en-US","potentialAction":[{"@type":"ReadAction","target":["https:\/\/geysacamara.com.br\/advocacia\/correspondencia-juridica\/"]}]},{"@type":"ImageObject","inLanguage":"en-US","@id":"https:\/\/geysacamara.com.br\/advocacia\/correspondencia-juridica\/#primaryimage","url":"https:\/\/geysacamara.com.br\/advocacia\/wp-content\/uploads\/2019\/03\/direito43.jpg","contentUrl":"https:\/\/geysacamara.com.br\/advocacia\/wp-content\/uploads\/2019\/03\/direito43.jpg","width":1600,"height":625,"caption":"Direito Autoral"},{"@type":"WebSite","@id":"https:\/\/geysacamara.com.br\/advocacia\/#website","url":"https:\/\/geysacamara.com.br\/advocacia\/","name":"GEYSA CAMARA","description":"Advogada Petr\u00f3polis RJ e  Portugal","potentialAction":[{"@type":"SearchAction","target":{"@type":"EntryPoint","urlTemplate":"https:\/\/geysacamara.com.br\/advocacia\/?s={search_term_string}"},"query-input":{"@type":"PropertyValueSpecification","valueRequired":true,"valueName":"search_term_string"}}],"inLanguage":"en-US"}]}},"_links":{"self":[{"href":"https:\/\/geysacamara.com.br\/advocacia\/wp-json\/wp\/v2\/pages\/23","targetHints":{"allow":["GET"]}}],"collection":[{"href":"https:\/\/geysacamara.com.br\/advocacia\/wp-json\/wp\/v2\/pages"}],"about":[{"href":"https:\/\/geysacamara.com.br\/advocacia\/wp-json\/wp\/v2\/types\/page"}],"author":[{"embeddable":true,"href":"https:\/\/geysacamara.com.br\/advocacia\/wp-json\/wp\/v2\/users\/1"}],"replies":[{"embeddable":true,"href":"https:\/\/geysacamara.com.br\/advocacia\/wp-json\/wp\/v2\/comments?post=23"}],"version-history":[{"count":41,"href":"https:\/\/geysacamara.com.br\/advocacia\/wp-json\/wp\/v2\/pages\/23\/revisions"}],"predecessor-version":[{"id":946,"href":"https:\/\/geysacamara.com.br\/advocacia\/wp-json\/wp\/v2\/pages\/23\/revisions\/946"}],"wp:featuredmedia":[{"embeddable":true,"href":"https:\/\/geysacamara.com.br\/advocacia\/wp-json\/wp\/v2\/media\/832"}],"wp:attachment":[{"href":"https:\/\/geysacamara.com.br\/advocacia\/wp-json\/wp\/v2\/media?parent=23"}],"curies":[{"name":"wp","href":"https:\/\/api.w.org\/{rel}","templated":true}]}}