{"id":26,"date":"2013-12-10T00:22:07","date_gmt":"2013-12-10T00:22:07","guid":{"rendered":"http:\/\/eecadvocaciadeapoio.com.br\/advocacia\/?page_id=26"},"modified":"2023-02-15T19:49:35","modified_gmt":"2023-02-15T19:49:35","slug":"entre-em-contato","status":"publish","type":"page","link":"https:\/\/geysacamara.com.br\/advocacia\/entre-em-contato\/","title":{"rendered":"Contatos"},"content":{"rendered":"<h2>Fale com Escrit\u00f3rio de advocacia Geysa Camara:<\/h2>\n<hr \/>\n<div class=\"su-note\"  style=\"border-color:#dddddd;border-radius:3px;-moz-border-radius:3px;-webkit-border-radius:3px;\"><div class=\"su-note-inner su-u-clearfix su-u-trim\" style=\"background-color:#f7f7f7;border-color:#ffffff;color:#333333;border-radius:3px;-moz-border-radius:3px;-webkit-border-radius:3px;\">\n<p><strong>Contato Brasil:<a href=\"https:\/\/api.whatsapp.com\/send?phone=5521976055623\">+21 97605-5623<\/a><\/strong><\/p>\n<p><strong>Contato Portugal:<a href=\"https:\/\/api.whatsapp.com\/send?phone=351914525996\">+351 914 525 996<\/a><\/strong><\/p>\n<p>E=mail: <a title=\"advocacia@geysacamara.com.br\" href=\"advocacia@geysacamara.com.br\" target=\"_blank\" rel=\"noopener noreferrer\">advocacia@geysacamara.com.br<\/a><\/p>\n<div class=\"social-icons\">\n<a href=\"https:\/\/api.whatsapp.com\/send?phone=351914525996\" target=\"_blank\" class=\"fab fa-whatsapp\"><\/a>\n<a href=\"https:\/\/instagram.com\/segredosdeportugal?utm_medium=copy_link\" target=\"_blank\" class=\"fab fa-instagram\"><\/a>\n<a href=\"https:\/\/www.facebook.com\/geysacamaraadvogada\" target=\"_blank\" class=\"fab fa-facebook-f\"><\/a>\n<a href=\"https:\/\/twitter.com\/advocaciacamara\" target=\"_blank\" class=\"fab fa-twitter\"><\/a>\n<a href=\"https:\/\/www.linkedin.com\/in\/geysacamara\/\" target=\"_blank\" class=\"fab fa-linkedin-in\"><\/a>\n<\/div>\n<\/div><\/div>\n\n\n<!-- Fast Secure Contact Form plugin 4.0.52 - begin - FastSecureContactForm.com -->\r\n<div style=\"clear:both;\"><\/div>\n<p>Entre em contato com Advocacia Geysa Camara<\/p>\r\n<div id=\"FSContact1\" style=\"width:99%; max-width:555px;\">\r\n<form action=\"https:\/\/geysacamara.com.br\/advocacia\/wp-json\/wp\/v2\/pages\/26\" id=\"fscf_form1\" method=\"post\">\r\n\n<div id=\"fscf_div_clear1_0\" style=\"clear:both;\">\n  <div id=\"fscf_div_field1_0\" style=\"clear:left; float:left; width:99%; max-width:550px; margin-right:10px;\">\r\n    <div style=\"text-align:left; padding-top:5px;\">\n      <label style=\"text-align:left;\" for=\"fscf_name1\">Nome<\/label>\n    <\/div>\r\n    <div style=\"text-align:left;\">\r\n      <input style=\"text-align:left; margin:0; width:99%; max-width:250px;\" type=\"text\" id=\"fscf_name1\" name=\"full_name\" value=\"\"  \/>\r\n    <\/div>\r\n  <\/div>\n<\/div>\n\n<div id=\"fscf_div_clear1_1\" style=\"clear:both;\">\n  <div id=\"fscf_div_field1_1\" style=\"clear:left; float:left; width:99%; max-width:550px; margin-right:10px;\">\n    <div style=\"text-align:left; padding-top:5px;\">\n      <label style=\"text-align:left;\" for=\"fscf_email1\">Email<\/label>\n    <\/div>\n    <div style=\"text-align:left;\">\n      <input style=\"text-align:left; margin:0; width:99%; max-width:250px;\" type=\"text\" id=\"fscf_email1\" name=\"email\" value=\"\"  \/>\n    <\/div>\n  <\/div>\n<\/div>\n\n<div id=\"fscf_div_clear1_2\" style=\"clear:both;\">\n  <div id=\"fscf_div_field1_2\" style=\"clear:left; float:left; width:99%; max-width:550px; margin-right:10px;\">\n    <div style=\"text-align:left; padding-top:5px;\">\n      <label style=\"text-align:left;\" for=\"fscf_field1_2\">Assunto<\/label>\n    <\/div>\n    <div style=\"text-align:left;\">\n      <input style=\"text-align:left; margin:0; width:99%; max-width:250px;\" type=\"text\" id=\"fscf_field1_2\" name=\"subject\" value=\"\"  \/>\n    <\/div>\n  <\/div>\n<\/div>\n\n<div id=\"fscf_div_clear1_3\" style=\"clear:both;\">\n  <div id=\"fscf_div_field1_3\" style=\"clear:left; float:left; width:99%; max-width:550px; margin-right:10px;\">\n    <div style=\"text-align:left; padding-top:5px;\">\n      <label style=\"text-align:left;\" for=\"fscf_field1_3\">Mensagem<\/label>\n    <\/div>\n    <div style=\"text-align:left;\">\n      <textarea style=\"text-align:left; margin:0; width:99%; max-width:250px; height:120px;\" id=\"fscf_field1_3\" name=\"message\" cols=\"30\" rows=\"10\" ><\/textarea>\n    <\/div>\n  <\/div>\n<\/div>\r\n<div style=\"clear:both;\"><\/div>\n\n<div id=\"fscf_submit_div1\" style=\"text-align:left; clear:both; padding-top:15px;\">\r\n\t\t<input type=\"submit\" id=\"fscf_submit1\" style=\"cursor:pointer; margin:0;\" value=\"Enviar mensagem\"  onclick=\"this.disabled=true; this.value='Submitting...'; this.form.submit();\" \/> \n<\/div>\n\n<input type=\"hidden\" name=\"fscf_submitted\" value=\"0\" \/>\n<input type=\"hidden\" name=\"fs_postonce_1\" value=\"cd631ec0bdfce6f8762b701b727fef4e,1775909371\" \/>\n<input type=\"hidden\" name=\"si_contact_action\" value=\"send\" \/>\n<input type=\"hidden\" name=\"form_id\" value=\"1\" \/>\n<input type=\"hidden\" name=\"mailto_id\" value=\"1\" \/>\n\n<\/form>\n<\/div>\r\n<div style=\"clear:both;\"><\/div>\n\n<!-- Fast Secure Contact Form plugin 4.0.52 - end - FastSecureContactForm.com -->\n\n","protected":false},"excerpt":{"rendered":"<p>Fale com Escrit\u00f3rio de advocacia Geysa Camara:<\/p>\n","protected":false},"author":1,"featured_media":0,"parent":0,"menu_order":8,"comment_status":"closed","ping_status":"closed","template":"","meta":{"footnotes":"","_links_to":"","_links_to_target":""},"class_list":["post-26","page","type-page","status-publish","hentry"],"yoast_head":"<!-- This site is optimized with the Yoast SEO plugin v26.7 - https:\/\/yoast.com\/wordpress\/plugins\/seo\/ -->\n<title>Advogado em Petr\u00f3polis, correspondente juridico Petr\u00f3polis RJ<\/title>\n<meta name=\"description\" content=\"Geysa Camara \u00e9 advogada em Petr\u00f3polis atuando ainda como Advogada Correspondente em Petr\u00f3polis e Rio, especializada em direito civil e consumidor.\" \/>\n<meta name=\"robots\" content=\"index, follow, max-snippet:-1, max-image-preview:large, max-video-preview:-1\" \/>\n<link rel=\"canonical\" href=\"https:\/\/geysacamara.com.br\/advocacia\/entre-em-contato\/\" \/>\n<meta property=\"og:locale\" content=\"en_US\" \/>\n<meta property=\"og:type\" content=\"article\" \/>\n<meta property=\"og:title\" content=\"Advogado em Petr\u00f3polis, correspondente juridico Petr\u00f3polis RJ\" \/>\n<meta property=\"og:description\" content=\"Geysa Camara \u00e9 advogada em Petr\u00f3polis atuando ainda como Advogada Correspondente em Petr\u00f3polis e Rio, especializada em direito civil e consumidor.\" \/>\n<meta property=\"og:url\" content=\"https:\/\/geysacamara.com.br\/advocacia\/entre-em-contato\/\" \/>\n<meta property=\"og:site_name\" content=\"GEYSA CAMARA\" \/>\n<meta property=\"article:publisher\" content=\"https:\/\/www.facebook.com\/geysacamaraadvogada\" \/>\n<meta property=\"article:modified_time\" content=\"2023-02-15T19:49:35+00:00\" \/>\n<meta property=\"og:image\" content=\"https:\/\/geysacamara.com.br\/advocacia\/wp-content\/uploads\/2013\/12\/banner_post1.jpg\" \/>\n\t<meta property=\"og:image:width\" content=\"580\" \/>\n\t<meta property=\"og:image:height\" content=\"274\" \/>\n\t<meta property=\"og:image:type\" content=\"image\/jpeg\" \/>\n<meta name=\"twitter:card\" content=\"summary_large_image\" \/>\n<meta name=\"twitter:site\" content=\"@advocaciacamara\" \/>\n<meta name=\"twitter:label1\" content=\"Est. reading time\" \/>\n\t<meta name=\"twitter:data1\" content=\"1 minute\" \/>\n<script type=\"application\/ld+json\" class=\"yoast-schema-graph\">{\"@context\":\"https:\/\/schema.org\",\"@graph\":[{\"@type\":\"WebPage\",\"@id\":\"https:\/\/geysacamara.com.br\/advocacia\/entre-em-contato\/\",\"url\":\"https:\/\/geysacamara.com.br\/advocacia\/entre-em-contato\/\",\"name\":\"Advogado em Petr\u00f3polis, correspondente juridico Petr\u00f3polis RJ\",\"isPartOf\":{\"@id\":\"https:\/\/geysacamara.com.br\/advocacia\/#website\"},\"datePublished\":\"2013-12-10T00:22:07+00:00\",\"dateModified\":\"2023-02-15T19:49:35+00:00\",\"description\":\"Geysa Camara \u00e9 advogada em Petr\u00f3polis atuando ainda como Advogada Correspondente em Petr\u00f3polis e Rio, especializada em direito civil e consumidor.\",\"inLanguage\":\"en-US\",\"potentialAction\":[{\"@type\":\"ReadAction\",\"target\":[\"https:\/\/geysacamara.com.br\/advocacia\/entre-em-contato\/\"]}]},{\"@type\":\"WebSite\",\"@id\":\"https:\/\/geysacamara.com.br\/advocacia\/#website\",\"url\":\"https:\/\/geysacamara.com.br\/advocacia\/\",\"name\":\"GEYSA CAMARA\",\"description\":\"Advogada Petr\u00f3polis RJ e  Portugal\",\"potentialAction\":[{\"@type\":\"SearchAction\",\"target\":{\"@type\":\"EntryPoint\",\"urlTemplate\":\"https:\/\/geysacamara.com.br\/advocacia\/?s={search_term_string}\"},\"query-input\":{\"@type\":\"PropertyValueSpecification\",\"valueRequired\":true,\"valueName\":\"search_term_string\"}}],\"inLanguage\":\"en-US\"}]}<\/script>\n<!-- \/ Yoast SEO plugin. -->","yoast_head_json":{"title":"Advogado em Petr\u00f3polis, correspondente juridico Petr\u00f3polis RJ","description":"Geysa Camara \u00e9 advogada em Petr\u00f3polis atuando ainda como Advogada Correspondente em Petr\u00f3polis e Rio, especializada em direito civil e consumidor.","robots":{"index":"index","follow":"follow","max-snippet":"max-snippet:-1","max-image-preview":"max-image-preview:large","max-video-preview":"max-video-preview:-1"},"canonical":"https:\/\/geysacamara.com.br\/advocacia\/entre-em-contato\/","og_locale":"en_US","og_type":"article","og_title":"Advogado em Petr\u00f3polis, correspondente juridico Petr\u00f3polis RJ","og_description":"Geysa Camara \u00e9 advogada em Petr\u00f3polis atuando ainda como Advogada Correspondente em Petr\u00f3polis e Rio, especializada em direito civil e consumidor.","og_url":"https:\/\/geysacamara.com.br\/advocacia\/entre-em-contato\/","og_site_name":"GEYSA CAMARA","article_publisher":"https:\/\/www.facebook.com\/geysacamaraadvogada","article_modified_time":"2023-02-15T19:49:35+00:00","og_image":[{"width":580,"height":274,"url":"https:\/\/geysacamara.com.br\/advocacia\/wp-content\/uploads\/2013\/12\/banner_post1.jpg","type":"image\/jpeg"}],"twitter_card":"summary_large_image","twitter_site":"@advocaciacamara","twitter_misc":{"Est. reading time":"1 minute"},"schema":{"@context":"https:\/\/schema.org","@graph":[{"@type":"WebPage","@id":"https:\/\/geysacamara.com.br\/advocacia\/entre-em-contato\/","url":"https:\/\/geysacamara.com.br\/advocacia\/entre-em-contato\/","name":"Advogado em Petr\u00f3polis, correspondente juridico Petr\u00f3polis RJ","isPartOf":{"@id":"https:\/\/geysacamara.com.br\/advocacia\/#website"},"datePublished":"2013-12-10T00:22:07+00:00","dateModified":"2023-02-15T19:49:35+00:00","description":"Geysa Camara \u00e9 advogada em Petr\u00f3polis atuando ainda como Advogada Correspondente em Petr\u00f3polis e Rio, especializada em direito civil e consumidor.","inLanguage":"en-US","potentialAction":[{"@type":"ReadAction","target":["https:\/\/geysacamara.com.br\/advocacia\/entre-em-contato\/"]}]},{"@type":"WebSite","@id":"https:\/\/geysacamara.com.br\/advocacia\/#website","url":"https:\/\/geysacamara.com.br\/advocacia\/","name":"GEYSA CAMARA","description":"Advogada Petr\u00f3polis RJ e  Portugal","potentialAction":[{"@type":"SearchAction","target":{"@type":"EntryPoint","urlTemplate":"https:\/\/geysacamara.com.br\/advocacia\/?s={search_term_string}"},"query-input":{"@type":"PropertyValueSpecification","valueRequired":true,"valueName":"search_term_string"}}],"inLanguage":"en-US"}]}},"_links":{"self":[{"href":"https:\/\/geysacamara.com.br\/advocacia\/wp-json\/wp\/v2\/pages\/26","targetHints":{"allow":["GET"]}}],"collection":[{"href":"https:\/\/geysacamara.com.br\/advocacia\/wp-json\/wp\/v2\/pages"}],"about":[{"href":"https:\/\/geysacamara.com.br\/advocacia\/wp-json\/wp\/v2\/types\/page"}],"author":[{"embeddable":true,"href":"https:\/\/geysacamara.com.br\/advocacia\/wp-json\/wp\/v2\/users\/1"}],"replies":[{"embeddable":true,"href":"https:\/\/geysacamara.com.br\/advocacia\/wp-json\/wp\/v2\/comments?post=26"}],"version-history":[{"count":18,"href":"https:\/\/geysacamara.com.br\/advocacia\/wp-json\/wp\/v2\/pages\/26\/revisions"}],"predecessor-version":[{"id":1148,"href":"https:\/\/geysacamara.com.br\/advocacia\/wp-json\/wp\/v2\/pages\/26\/revisions\/1148"}],"wp:attachment":[{"href":"https:\/\/geysacamara.com.br\/advocacia\/wp-json\/wp\/v2\/media?parent=26"}],"curies":[{"name":"wp","href":"https:\/\/api.w.org\/{rel}","templated":true}]}}