{"id":31,"date":"2013-12-10T00:39:27","date_gmt":"2013-12-10T00:39:27","guid":{"rendered":"http:\/\/eecadvocaciadeapoio.com.br\/advocacia\/?page_id=31"},"modified":"2021-07-15T14:11:23","modified_gmt":"2021-07-15T14:11:23","slug":"direito-do-consumidor","status":"publish","type":"page","link":"https:\/\/geysacamara.com.br\/advocacia\/atuacoes\/direito-do-consumidor\/","title":{"rendered":"Direito do Consumidor"},"content":{"rendered":"<h2>Atua\u00e7\u00e3o em Direito do Consumidor:<\/h2>\n<div class=\"su-note\"  style=\"border-color:#dddddd;border-radius:3px;-moz-border-radius:3px;-webkit-border-radius:3px;\"><div class=\"su-note-inner su-u-clearfix su-u-trim\" style=\"background-color:#f7f7f7;border-color:#ffffff;color:#333333;border-radius:3px;-moz-border-radius:3px;-webkit-border-radius:3px;\">\n<h3><strong>Direito do Consumidor<\/strong><\/h3>\n<p>Atuamos na esfera de <a title=\"https:\/\/geysacamara.com.br\/advocacia\" href=\"https:\/\/geysacamara.com.br\/advocacia\" target=\"_blank\" rel=\"noopener noreferrer\">prote\u00e7\u00e3o ao consumidor<\/a>, nos problemas com consumo de produtos e servi\u00e7os em geral e problemas relativos \u00e0 qualidade de produtos e servi\u00e7os.<br \/>\nQuest\u00f5es oriundas de pr\u00e1ticas comerciais, como publicidade enganosa, condutas abusivas, cobran\u00e7a de d\u00edvidas, inclus\u00e3o indevida em cadastros restritivos (SPC, SERASA, CCF), cobran\u00e7as indevidas no cart\u00e3o de cr\u00e9dito.<br \/>\nDanos materiais e morais na rela\u00e7\u00e3o de consumo, envolvendo inclusive compras realizadas pela internet e via telemarketing, direito de arrependimento, compra e venda, produto n\u00e3o entregue no prazo ajustado, com defeito ou mesmo diferente do escolhido pelo consumidor, recusa de garantia de servi\u00e7o, dentre outras situa\u00e7\u00f5es que provoquem danos de ordem material e moral ao consumidor.<br \/>\nDescumprimento de contratos de planos de sa\u00fade, negativa de exames m\u00e9dicos, cl\u00e1usulas abusivas existentes em contratos de ades\u00e3o, de fornecimento de produtos e servi\u00e7os das mais variadas esp\u00e9cies (planos de sa\u00fade, transporte, turismo, viagem, hospedagem, dep\u00f3sito, estacionamento, seguro, previd\u00eancia privada, banc\u00e1rios, financiamento, administra\u00e7\u00e3o de cons\u00f3rcios, fornecimento de servi\u00e7os p\u00fablicos, e demais).<br \/>\nProblemas com Companhias A\u00e9reas, como atraso em v\u00f4os e extravio de bagagens, dentre outros.<\/p>\n<\/div><\/div>\n<div class=\"su-note\"  style=\"border-color:#dddddd;border-radius:3px;-moz-border-radius:3px;-webkit-border-radius:3px;\"><div class=\"su-note-inner su-u-clearfix su-u-trim\" style=\"background-color:#f7f7f7;border-color:#ffffff;color:#333333;border-radius:3px;-moz-border-radius:3px;-webkit-border-radius:3px;\">\n<h3><strong>Direito do Consumidor<\/strong><\/h3>\n<p>Atuamos com <a href=\"https:\/\/geysacamara.com.br\/advocacia\/index.php\/atuacoes\/direito-do-consumidor\/\" target=\"_blank\" rel=\"noopener noreferrer\">direito civil e do consumidor<\/a>, inclusive em a\u00e7\u00f5es de negativa\u00e7\u00e3o indevida.<\/p>\n<\/div><\/div>\n<p style=\"text-align: justify;\"><a title=\"https:\/\/geysacamara.com.br\/advocacia\" href=\"https:\/\/geysacamara.com.br\/advocacia\" target=\"_blank\" rel=\"noopener noreferrer\"><strong>Geysa Camara Advocacia<\/strong><\/a> disponibiliza servi\u00e7os diferenciados, desenhados para atender tanto a clientes finais quanto a outros escrit\u00f3rios de advocacia, atrav\u00e9s de correspond\u00eancia jur\u00eddica e servi\u00e7os de apoio, agregando solu\u00e7\u00f5es com agilidade e efic\u00e1cia em todas as inst\u00e2ncias, nas comarcas de Petr\u00f3polis e Rio de Janeiro (Capital) bem como nas demais cidades serranas e de interior do RJ, com servi\u00e7os jur\u00eddicos aut\u00f4nomos, abrangentes e de alta qualidade, incluindo\u00a0servi\u00e7os de\u00a0<a title=\"http:\/\/advocaciadepartido.com.br\" href=\"http:\/\/advocaciadepartido.com.br\" target=\"_blank\" rel=\"noopener noreferrer\">correspondente jur\u00eddico<\/a>. com <a title=\"Contatos\" href=\"https:\/\/geysacamara.com.br\/advocacia\/index.php\/entre-em-contato\/\" target=\"_blank\" rel=\"noopener noreferrer\">advogados em Petr\u00f3polis<\/a> e <a title=\"Contatos\" href=\"https:\/\/geysacamara.com.br\/advocacia\/index.php\/entre-em-contato\/\" target=\"_blank\" rel=\"noopener noreferrer\">advogados no Rio de Janeiro<\/a>.<\/p>\n<p><strong><a title=\"Contatos\" href=\"https:\/\/geysacamara.com.br\/advocacia\/index.php\/entre-em-contato\/\">Entre em contato: ser\u00e1 um prazer ajud\u00e1-lo<\/a><\/strong><strong>!<\/strong><\/p>\n<p><img loading=\"lazy\" decoding=\"async\" class=\"aligncenter size-large wp-image-1060\" src=\"https:\/\/geysacamara.com.br\/advocacia\/wp-content\/uploads\/2021\/07\/ADVOCVACIA3-1024x533.jpg\" alt=\"\" width=\"1024\" height=\"533\" srcset=\"https:\/\/geysacamara.com.br\/advocacia\/wp-content\/uploads\/2021\/07\/ADVOCVACIA3-1024x533.jpg 1024w, https:\/\/geysacamara.com.br\/advocacia\/wp-content\/uploads\/2021\/07\/ADVOCVACIA3-300x156.jpg 300w, https:\/\/geysacamara.com.br\/advocacia\/wp-content\/uploads\/2021\/07\/ADVOCVACIA3-768x400.jpg 768w, https:\/\/geysacamara.com.br\/advocacia\/wp-content\/uploads\/2021\/07\/ADVOCVACIA3-150x78.jpg 150w, https:\/\/geysacamara.com.br\/advocacia\/wp-content\/uploads\/2021\/07\/ADVOCVACIA3.jpg 1400w\" sizes=\"auto, (max-width: 1024px) 100vw, 1024px\" \/><\/p>\n","protected":false},"excerpt":{"rendered":"<p>Atua\u00e7\u00e3o em Direito do Consumidor: Geysa Camara Advocacia disponibiliza servi\u00e7os diferenciados, desenhados para atender tanto a clientes finais quanto a outros escrit\u00f3rios de advocacia, atrav\u00e9s de correspond\u00eancia jur\u00eddica e servi\u00e7os de apoio, agregando solu\u00e7\u00f5es com agilidade e efic\u00e1cia em todas as inst\u00e2ncias, nas comarcas de Petr\u00f3polis e Rio de Janeiro (Capital) bem como nas demais cidades serranas e de interior do RJ, com servi\u00e7os jur\u00eddicos aut\u00f4nomos, abrangentes e de alta qualidade, incluindo\u00a0servi\u00e7os de\u00a0correspondente jur\u00eddico. com advogados em Petr\u00f3polis e advogados no Rio de Janeiro. Entre em contato: ser\u00e1 um prazer ajud\u00e1-lo!<\/p>\n","protected":false},"author":1,"featured_media":0,"parent":19,"menu_order":10,"comment_status":"closed","ping_status":"closed","template":"","meta":{"footnotes":"","_links_to":"","_links_to_target":""},"class_list":["post-31","page","type-page","status-publish","hentry"],"yoast_head":"<!-- This site is optimized with the Yoast SEO plugin v26.7 - https:\/\/yoast.com\/wordpress\/plugins\/seo\/ -->\n<title>Consumidor e Direito do Consumidor em Petr\u00f3polis,<\/title>\n<meta name=\"description\" content=\"Direito do Consumidor: Geysa Camara \u00e9 advogada em Petr\u00f3polis e no Rio de Janeiro atuando com Direito do Consumidor\" \/>\n<meta name=\"robots\" content=\"index, follow, max-snippet:-1, max-image-preview:large, max-video-preview:-1\" \/>\n<link rel=\"canonical\" href=\"https:\/\/geysacamara.com.br\/advocacia\/atuacoes\/direito-do-consumidor\/\" \/>\n<meta property=\"og:locale\" content=\"en_US\" \/>\n<meta property=\"og:type\" content=\"article\" \/>\n<meta property=\"og:title\" content=\"Consumidor e Direito do Consumidor em Petr\u00f3polis,\" \/>\n<meta property=\"og:description\" content=\"Direito do Consumidor: Geysa Camara \u00e9 advogada em Petr\u00f3polis e no Rio de Janeiro atuando com Direito do Consumidor\" \/>\n<meta property=\"og:url\" content=\"https:\/\/geysacamara.com.br\/advocacia\/atuacoes\/direito-do-consumidor\/\" \/>\n<meta property=\"og:site_name\" content=\"GEYSA CAMARA\" \/>\n<meta property=\"article:publisher\" content=\"https:\/\/www.facebook.com\/geysacamaraadvogada\" \/>\n<meta property=\"article:modified_time\" content=\"2021-07-15T14:11:23+00:00\" \/>\n<meta property=\"og:image\" content=\"http:\/\/geysacamara.com.br\/advocacia\/wp-content\/uploads\/2021\/07\/ADVOCVACIA3-1024x533.jpg\" \/>\n<meta name=\"twitter:card\" content=\"summary_large_image\" \/>\n<meta name=\"twitter:site\" content=\"@advocaciacamara\" \/>\n<meta name=\"twitter:label1\" content=\"Est. reading time\" \/>\n\t<meta name=\"twitter:data1\" content=\"2 minutes\" \/>\n<script type=\"application\/ld+json\" class=\"yoast-schema-graph\">{\"@context\":\"https:\/\/schema.org\",\"@graph\":[{\"@type\":\"WebPage\",\"@id\":\"https:\/\/geysacamara.com.br\/advocacia\/atuacoes\/direito-do-consumidor\/\",\"url\":\"https:\/\/geysacamara.com.br\/advocacia\/atuacoes\/direito-do-consumidor\/\",\"name\":\"Consumidor e Direito do Consumidor em Petr\u00f3polis,\",\"isPartOf\":{\"@id\":\"https:\/\/geysacamara.com.br\/advocacia\/#website\"},\"primaryImageOfPage\":{\"@id\":\"https:\/\/geysacamara.com.br\/advocacia\/atuacoes\/direito-do-consumidor\/#primaryimage\"},\"image\":{\"@id\":\"https:\/\/geysacamara.com.br\/advocacia\/atuacoes\/direito-do-consumidor\/#primaryimage\"},\"thumbnailUrl\":\"http:\/\/geysacamara.com.br\/advocacia\/wp-content\/uploads\/2021\/07\/ADVOCVACIA3-1024x533.jpg\",\"datePublished\":\"2013-12-10T00:39:27+00:00\",\"dateModified\":\"2021-07-15T14:11:23+00:00\",\"description\":\"Direito do Consumidor: Geysa Camara \u00e9 advogada em Petr\u00f3polis e no Rio de Janeiro atuando com Direito do Consumidor\",\"breadcrumb\":{\"@id\":\"https:\/\/geysacamara.com.br\/advocacia\/atuacoes\/direito-do-consumidor\/#breadcrumb\"},\"inLanguage\":\"en-US\",\"potentialAction\":[{\"@type\":\"ReadAction\",\"target\":[\"https:\/\/geysacamara.com.br\/advocacia\/atuacoes\/direito-do-consumidor\/\"]}]},{\"@type\":\"ImageObject\",\"inLanguage\":\"en-US\",\"@id\":\"https:\/\/geysacamara.com.br\/advocacia\/atuacoes\/direito-do-consumidor\/#primaryimage\",\"url\":\"http:\/\/geysacamara.com.br\/advocacia\/wp-content\/uploads\/2021\/07\/ADVOCVACIA3-1024x533.jpg\",\"contentUrl\":\"http:\/\/geysacamara.com.br\/advocacia\/wp-content\/uploads\/2021\/07\/ADVOCVACIA3-1024x533.jpg\"},{\"@type\":\"BreadcrumbList\",\"@id\":\"https:\/\/geysacamara.com.br\/advocacia\/atuacoes\/direito-do-consumidor\/#breadcrumb\",\"itemListElement\":[{\"@type\":\"ListItem\",\"position\":1,\"name\":\"Servi\u00e7os Jur\u00eddicos\",\"item\":\"https:\/\/geysacamara.com.br\/advocacia\/atuacoes\/\"},{\"@type\":\"ListItem\",\"position\":2,\"name\":\"Direito do Consumidor\"}]},{\"@type\":\"WebSite\",\"@id\":\"https:\/\/geysacamara.com.br\/advocacia\/#website\",\"url\":\"https:\/\/geysacamara.com.br\/advocacia\/\",\"name\":\"GEYSA CAMARA\",\"description\":\"Advogada Petr\u00f3polis RJ e  Portugal\",\"potentialAction\":[{\"@type\":\"SearchAction\",\"target\":{\"@type\":\"EntryPoint\",\"urlTemplate\":\"https:\/\/geysacamara.com.br\/advocacia\/?s={search_term_string}\"},\"query-input\":{\"@type\":\"PropertyValueSpecification\",\"valueRequired\":true,\"valueName\":\"search_term_string\"}}],\"inLanguage\":\"en-US\"}]}<\/script>\n<!-- \/ Yoast SEO plugin. -->","yoast_head_json":{"title":"Consumidor e Direito do Consumidor em Petr\u00f3polis,","description":"Direito do Consumidor: Geysa Camara \u00e9 advogada em Petr\u00f3polis e no Rio de Janeiro atuando com Direito do Consumidor","robots":{"index":"index","follow":"follow","max-snippet":"max-snippet:-1","max-image-preview":"max-image-preview:large","max-video-preview":"max-video-preview:-1"},"canonical":"https:\/\/geysacamara.com.br\/advocacia\/atuacoes\/direito-do-consumidor\/","og_locale":"en_US","og_type":"article","og_title":"Consumidor e Direito do Consumidor em Petr\u00f3polis,","og_description":"Direito do Consumidor: Geysa Camara \u00e9 advogada em Petr\u00f3polis e no Rio de Janeiro atuando com Direito do Consumidor","og_url":"https:\/\/geysacamara.com.br\/advocacia\/atuacoes\/direito-do-consumidor\/","og_site_name":"GEYSA CAMARA","article_publisher":"https:\/\/www.facebook.com\/geysacamaraadvogada","article_modified_time":"2021-07-15T14:11:23+00:00","og_image":[{"url":"http:\/\/geysacamara.com.br\/advocacia\/wp-content\/uploads\/2021\/07\/ADVOCVACIA3-1024x533.jpg","type":"","width":"","height":""}],"twitter_card":"summary_large_image","twitter_site":"@advocaciacamara","twitter_misc":{"Est. reading time":"2 minutes"},"schema":{"@context":"https:\/\/schema.org","@graph":[{"@type":"WebPage","@id":"https:\/\/geysacamara.com.br\/advocacia\/atuacoes\/direito-do-consumidor\/","url":"https:\/\/geysacamara.com.br\/advocacia\/atuacoes\/direito-do-consumidor\/","name":"Consumidor e Direito do Consumidor em Petr\u00f3polis,","isPartOf":{"@id":"https:\/\/geysacamara.com.br\/advocacia\/#website"},"primaryImageOfPage":{"@id":"https:\/\/geysacamara.com.br\/advocacia\/atuacoes\/direito-do-consumidor\/#primaryimage"},"image":{"@id":"https:\/\/geysacamara.com.br\/advocacia\/atuacoes\/direito-do-consumidor\/#primaryimage"},"thumbnailUrl":"http:\/\/geysacamara.com.br\/advocacia\/wp-content\/uploads\/2021\/07\/ADVOCVACIA3-1024x533.jpg","datePublished":"2013-12-10T00:39:27+00:00","dateModified":"2021-07-15T14:11:23+00:00","description":"Direito do Consumidor: Geysa Camara \u00e9 advogada em Petr\u00f3polis e no Rio de Janeiro atuando com Direito do Consumidor","breadcrumb":{"@id":"https:\/\/geysacamara.com.br\/advocacia\/atuacoes\/direito-do-consumidor\/#breadcrumb"},"inLanguage":"en-US","potentialAction":[{"@type":"ReadAction","target":["https:\/\/geysacamara.com.br\/advocacia\/atuacoes\/direito-do-consumidor\/"]}]},{"@type":"ImageObject","inLanguage":"en-US","@id":"https:\/\/geysacamara.com.br\/advocacia\/atuacoes\/direito-do-consumidor\/#primaryimage","url":"http:\/\/geysacamara.com.br\/advocacia\/wp-content\/uploads\/2021\/07\/ADVOCVACIA3-1024x533.jpg","contentUrl":"http:\/\/geysacamara.com.br\/advocacia\/wp-content\/uploads\/2021\/07\/ADVOCVACIA3-1024x533.jpg"},{"@type":"BreadcrumbList","@id":"https:\/\/geysacamara.com.br\/advocacia\/atuacoes\/direito-do-consumidor\/#breadcrumb","itemListElement":[{"@type":"ListItem","position":1,"name":"Servi\u00e7os Jur\u00eddicos","item":"https:\/\/geysacamara.com.br\/advocacia\/atuacoes\/"},{"@type":"ListItem","position":2,"name":"Direito do Consumidor"}]},{"@type":"WebSite","@id":"https:\/\/geysacamara.com.br\/advocacia\/#website","url":"https:\/\/geysacamara.com.br\/advocacia\/","name":"GEYSA CAMARA","description":"Advogada Petr\u00f3polis RJ e  Portugal","potentialAction":[{"@type":"SearchAction","target":{"@type":"EntryPoint","urlTemplate":"https:\/\/geysacamara.com.br\/advocacia\/?s={search_term_string}"},"query-input":{"@type":"PropertyValueSpecification","valueRequired":true,"valueName":"search_term_string"}}],"inLanguage":"en-US"}]}},"_links":{"self":[{"href":"https:\/\/geysacamara.com.br\/advocacia\/wp-json\/wp\/v2\/pages\/31","targetHints":{"allow":["GET"]}}],"collection":[{"href":"https:\/\/geysacamara.com.br\/advocacia\/wp-json\/wp\/v2\/pages"}],"about":[{"href":"https:\/\/geysacamara.com.br\/advocacia\/wp-json\/wp\/v2\/types\/page"}],"author":[{"embeddable":true,"href":"https:\/\/geysacamara.com.br\/advocacia\/wp-json\/wp\/v2\/users\/1"}],"replies":[{"embeddable":true,"href":"https:\/\/geysacamara.com.br\/advocacia\/wp-json\/wp\/v2\/comments?post=31"}],"version-history":[{"count":48,"href":"https:\/\/geysacamara.com.br\/advocacia\/wp-json\/wp\/v2\/pages\/31\/revisions"}],"predecessor-version":[{"id":1117,"href":"https:\/\/geysacamara.com.br\/advocacia\/wp-json\/wp\/v2\/pages\/31\/revisions\/1117"}],"up":[{"embeddable":true,"href":"https:\/\/geysacamara.com.br\/advocacia\/wp-json\/wp\/v2\/pages\/19"}],"wp:attachment":[{"href":"https:\/\/geysacamara.com.br\/advocacia\/wp-json\/wp\/v2\/media?parent=31"}],"curies":[{"name":"wp","href":"https:\/\/api.w.org\/{rel}","templated":true}]}}