{"id":33,"date":"2013-12-10T00:38:37","date_gmt":"2013-12-10T00:38:37","guid":{"rendered":"http:\/\/eecadvocaciadeapoio.com.br\/advocacia\/?page_id=33"},"modified":"2021-07-14T15:48:58","modified_gmt":"2021-07-14T15:48:58","slug":"direito-da-familia","status":"publish","type":"page","link":"https:\/\/geysacamara.com.br\/advocacia\/atuacoes\/direito-da-familia\/","title":{"rendered":"Direito de Fam\u00edlia"},"content":{"rendered":"<h2>Atua\u00e7\u00e3o em Direito de Fam\u00edlia:<\/h2>\n<div class=\"su-note\"  style=\"border-color:#dddddd;border-radius:3px;-moz-border-radius:3px;-webkit-border-radius:3px;\"><div class=\"su-note-inner su-u-clearfix su-u-trim\" style=\"background-color:#f7f7f7;border-color:#ffffff;color:#333333;border-radius:3px;-moz-border-radius:3px;-webkit-border-radius:3px;\">\n<h3><strong>Direito de Fam\u00edlia<\/strong><\/h3>\n<p><a title=\"Advogado em Petr\u00f3polis\" href=\"https:\/\/geysacamara.com.br\/advocacia\/index.php\/atuacoes\/outras-atuacoes\/\"><strong>Geysa Camara<\/strong>\u00a0<strong>Advocacia<\/strong><\/a> atua na \u00e1rea do Direito de Fam\u00edlia e Sucess\u00f5es, prestando servi\u00e7os tanto atua na \u00e1rea do Direito de Fam\u00edlia e Sucess\u00f5es, prestando servi\u00e7os tanto de consultoria quanto atuando na propositura e defesa de a\u00e7\u00f5es judiciais relacionadas a casamento e uni\u00e3o est\u00e1vel, inclusive homo afetivas.<br \/>\nAtuamos ainda em div\u00f3rcio \u2013 judicial ou extrajudicial \u2013 media\u00e7\u00e3o, investiga\u00e7\u00e3o de paternidade, guarda e alimentos, revis\u00e3o judicial e ado\u00e7\u00f5es relacionadas a ado\u00e7\u00e3o de menores ou maiores de idade.<br \/>\nA atua\u00e7\u00e3o do escrit\u00f3rio abrange ainda testamentos, invent\u00e1rio e partilha, e ainda em casos onde se fa\u00e7a necess\u00e1rio recurso de interdi\u00e7\u00e3o ou alvar\u00e1 judicial.<\/p>\n<p><a title=\"Advocacia em Petr\u00f3polis e Rio de Janeiro\" href=\"https:\/\/geysacamara.com.br\/advocacia\/index.php\/entre-em-contato\/\">Entre em contato: ser\u00e1 um prazer ajud\u00e1-lo<\/a>!<\/p>\n<\/div><\/div>\n<p style=\"text-align: justify;\"><div class=\"su-note\"  style=\"border-color:#dddddd;border-radius:3px;-moz-border-radius:3px;-webkit-border-radius:3px;\"><div class=\"su-note-inner su-u-clearfix su-u-trim\" style=\"background-color:#f7f7f7;border-color:#ffffff;color:#333333;border-radius:3px;-moz-border-radius:3px;-webkit-border-radius:3px;\">\n<h3 style=\"text-align: justify;\"><strong>Div\u00f3rcios<br \/>\n<\/strong><\/h3>\n<p>Atua\u00e7\u00e3o na \u00e1rea de fam\u00edlia com <strong><a href=\"https:\/\/geysacamara.com.br\/advocacia\/index.php\/atuacoes\/direito-da-familia\/\" target=\"_blank\" rel=\"noopener noreferrer\">div\u00f3rcio<\/a><\/strong>, <strong><a href=\"https:\/\/geysacamara.com.br\/advocacia\/index.php\/atuacoes\/direito-da-familia\/\" target=\"_blank\" rel=\"noopener noreferrer\">convers\u00e3o de separa\u00e7\u00e3o em divorcio<\/a><\/strong>, <strong><a href=\"https:\/\/geysacamara.com.br\/advocacia\/index.php\/atuacoes\/direito-da-familia\/\" target=\"_blank\" rel=\"noopener noreferrer\">pens\u00e3o aliment\u00edcia<\/a>.<\/strong><\/p>\n<\/div><\/div>\n<p style=\"text-align: justify;\"><a title=\"https:\/\/geysacamara.com.br\/advocacia\" href=\"https:\/\/geysacamara.com.br\/advocacia\" target=\"_blank\" rel=\"noopener noreferrer\"><strong>Geysa Camara Advocacia<\/strong><\/a> disponibiliza servi\u00e7os diferenciados, desenhados para atender tanto a clientes finais quanto a outros escrit\u00f3rios de advocacia, atrav\u00e9s de correspond\u00eancia jur\u00eddica e servi\u00e7os de apoio, agregando solu\u00e7\u00f5es com agilidade e efic\u00e1cia em todas as inst\u00e2ncias, nas comarcas de Petr\u00f3polis e Rio de Janeiro (Capital) bem como nas demais cidades serranas e de interior do RJ, com servi\u00e7os jur\u00eddicos aut\u00f4nomos, abrangentes e de alta qualidade, incluindo\u00a0servi\u00e7os de\u00a0<a title=\"http:\/\/advocaciadepartido.com.br\" href=\"http:\/\/advocaciadepartido.com.br\" target=\"_blank\" rel=\"noopener noreferrer\">correspondente jur\u00eddico<\/a>. com <a title=\"Contatos\" href=\"https:\/\/geysacamara.com.br\/advocacia\/index.php\/entre-em-contato\/\" target=\"_blank\" rel=\"noopener noreferrer\">advogados em Petr\u00f3polis<\/a> e <a title=\"Contatos\" href=\"https:\/\/geysacamara.com.br\/advocacia\/index.php\/entre-em-contato\/\" target=\"_blank\" rel=\"noopener noreferrer\">advogados no Rio de Janeiro<\/a>.<\/p>\n<p>&nbsp;<\/p>\n<p><img loading=\"lazy\" decoding=\"async\" class=\"aligncenter wp-image-1065 size-large\" src=\"https:\/\/geysacamara.com.br\/advocacia\/wp-content\/uploads\/2021\/07\/familia-1024x533.jpg\" alt=\"Direito de fam\u00edlia\" width=\"1024\" height=\"533\" srcset=\"https:\/\/geysacamara.com.br\/advocacia\/wp-content\/uploads\/2021\/07\/familia-1024x533.jpg 1024w, https:\/\/geysacamara.com.br\/advocacia\/wp-content\/uploads\/2021\/07\/familia-300x156.jpg 300w, https:\/\/geysacamara.com.br\/advocacia\/wp-content\/uploads\/2021\/07\/familia-768x400.jpg 768w, https:\/\/geysacamara.com.br\/advocacia\/wp-content\/uploads\/2021\/07\/familia-150x78.jpg 150w, https:\/\/geysacamara.com.br\/advocacia\/wp-content\/uploads\/2021\/07\/familia.jpg 1400w\" sizes=\"auto, (max-width: 1024px) 100vw, 1024px\" \/><\/p>\n","protected":false},"excerpt":{"rendered":"<p>Atua\u00e7\u00e3o em Direito de Fam\u00edlia: Geysa Camara Advocacia disponibiliza servi\u00e7os diferenciados, desenhados para atender tanto a clientes finais quanto a outros escrit\u00f3rios de advocacia, atrav\u00e9s de correspond\u00eancia jur\u00eddica e servi\u00e7os de apoio, agregando solu\u00e7\u00f5es com agilidade e efic\u00e1cia em todas as inst\u00e2ncias, nas comarcas de Petr\u00f3polis e Rio de Janeiro (Capital) bem como nas demais cidades serranas e de interior do RJ, com servi\u00e7os jur\u00eddicos aut\u00f4nomos, abrangentes e de alta qualidade, incluindo\u00a0servi\u00e7os de\u00a0correspondente jur\u00eddico. com advogados em Petr\u00f3polis e advogados no Rio de Janeiro. &nbsp;<\/p>\n","protected":false},"author":1,"featured_media":0,"parent":19,"menu_order":11,"comment_status":"closed","ping_status":"closed","template":"","meta":{"footnotes":"","_links_to":"","_links_to_target":""},"class_list":["post-33","page","type-page","status-publish","hentry"],"yoast_head":"<!-- This site is optimized with the Yoast SEO plugin v26.7 - https:\/\/yoast.com\/wordpress\/plugins\/seo\/ -->\n<title>Direito de Fam\u00edlia e sucess\u00f5es - Advogada Geysa Camara<\/title>\n<meta name=\"description\" content=\"Direito de Fam\u00edlia e sucess\u00f5es, a\u00e7\u00f5es de uni\u00e3o est\u00e1vel, direito homoafetivo, a\u00e7\u00f5es de div\u00f3rcios, revis\u00e3o judicial de pens\u00e3o.\" \/>\n<meta name=\"robots\" content=\"index, follow, max-snippet:-1, max-image-preview:large, max-video-preview:-1\" \/>\n<link rel=\"canonical\" href=\"https:\/\/geysacamara.com.br\/advocacia\/atuacoes\/direito-da-familia\/\" \/>\n<meta property=\"og:locale\" content=\"en_US\" \/>\n<meta property=\"og:type\" content=\"article\" \/>\n<meta property=\"og:title\" content=\"Direito de Fam\u00edlia e sucess\u00f5es - Advogada Geysa Camara\" \/>\n<meta property=\"og:description\" content=\"Direito de Fam\u00edlia e sucess\u00f5es, a\u00e7\u00f5es de uni\u00e3o est\u00e1vel, direito homoafetivo, a\u00e7\u00f5es de div\u00f3rcios, revis\u00e3o judicial de pens\u00e3o.\" \/>\n<meta property=\"og:url\" content=\"https:\/\/geysacamara.com.br\/advocacia\/atuacoes\/direito-da-familia\/\" \/>\n<meta property=\"og:site_name\" content=\"GEYSA CAMARA\" \/>\n<meta property=\"article:publisher\" content=\"https:\/\/www.facebook.com\/geysacamaraadvogada\" \/>\n<meta property=\"article:modified_time\" content=\"2021-07-14T15:48:58+00:00\" \/>\n<meta property=\"og:image\" content=\"http:\/\/geysacamara.com.br\/advocacia\/wp-content\/uploads\/2021\/07\/familia-1024x533.jpg\" \/>\n<meta name=\"twitter:card\" content=\"summary_large_image\" \/>\n<meta name=\"twitter:site\" content=\"@advocaciacamara\" \/>\n<meta name=\"twitter:label1\" content=\"Est. reading time\" \/>\n\t<meta name=\"twitter:data1\" content=\"2 minutes\" \/>\n<script type=\"application\/ld+json\" class=\"yoast-schema-graph\">{\"@context\":\"https:\/\/schema.org\",\"@graph\":[{\"@type\":\"WebPage\",\"@id\":\"https:\/\/geysacamara.com.br\/advocacia\/atuacoes\/direito-da-familia\/\",\"url\":\"https:\/\/geysacamara.com.br\/advocacia\/atuacoes\/direito-da-familia\/\",\"name\":\"Direito de Fam\u00edlia e sucess\u00f5es - Advogada Geysa Camara\",\"isPartOf\":{\"@id\":\"https:\/\/geysacamara.com.br\/advocacia\/#website\"},\"primaryImageOfPage\":{\"@id\":\"https:\/\/geysacamara.com.br\/advocacia\/atuacoes\/direito-da-familia\/#primaryimage\"},\"image\":{\"@id\":\"https:\/\/geysacamara.com.br\/advocacia\/atuacoes\/direito-da-familia\/#primaryimage\"},\"thumbnailUrl\":\"http:\/\/geysacamara.com.br\/advocacia\/wp-content\/uploads\/2021\/07\/familia-1024x533.jpg\",\"datePublished\":\"2013-12-10T00:38:37+00:00\",\"dateModified\":\"2021-07-14T15:48:58+00:00\",\"description\":\"Direito de Fam\u00edlia e sucess\u00f5es, a\u00e7\u00f5es de uni\u00e3o est\u00e1vel, direito homoafetivo, a\u00e7\u00f5es de div\u00f3rcios, revis\u00e3o judicial de pens\u00e3o.\",\"breadcrumb\":{\"@id\":\"https:\/\/geysacamara.com.br\/advocacia\/atuacoes\/direito-da-familia\/#breadcrumb\"},\"inLanguage\":\"en-US\",\"potentialAction\":[{\"@type\":\"ReadAction\",\"target\":[\"https:\/\/geysacamara.com.br\/advocacia\/atuacoes\/direito-da-familia\/\"]}]},{\"@type\":\"ImageObject\",\"inLanguage\":\"en-US\",\"@id\":\"https:\/\/geysacamara.com.br\/advocacia\/atuacoes\/direito-da-familia\/#primaryimage\",\"url\":\"http:\/\/geysacamara.com.br\/advocacia\/wp-content\/uploads\/2021\/07\/familia-1024x533.jpg\",\"contentUrl\":\"http:\/\/geysacamara.com.br\/advocacia\/wp-content\/uploads\/2021\/07\/familia-1024x533.jpg\"},{\"@type\":\"BreadcrumbList\",\"@id\":\"https:\/\/geysacamara.com.br\/advocacia\/atuacoes\/direito-da-familia\/#breadcrumb\",\"itemListElement\":[{\"@type\":\"ListItem\",\"position\":1,\"name\":\"Servi\u00e7os Jur\u00eddicos\",\"item\":\"https:\/\/geysacamara.com.br\/advocacia\/atuacoes\/\"},{\"@type\":\"ListItem\",\"position\":2,\"name\":\"Direito de Fam\u00edlia\"}]},{\"@type\":\"WebSite\",\"@id\":\"https:\/\/geysacamara.com.br\/advocacia\/#website\",\"url\":\"https:\/\/geysacamara.com.br\/advocacia\/\",\"name\":\"GEYSA CAMARA\",\"description\":\"Advogada Petr\u00f3polis RJ e  Portugal\",\"potentialAction\":[{\"@type\":\"SearchAction\",\"target\":{\"@type\":\"EntryPoint\",\"urlTemplate\":\"https:\/\/geysacamara.com.br\/advocacia\/?s={search_term_string}\"},\"query-input\":{\"@type\":\"PropertyValueSpecification\",\"valueRequired\":true,\"valueName\":\"search_term_string\"}}],\"inLanguage\":\"en-US\"}]}<\/script>\n<!-- \/ Yoast SEO plugin. -->","yoast_head_json":{"title":"Direito de Fam\u00edlia e sucess\u00f5es - Advogada Geysa Camara","description":"Direito de Fam\u00edlia e sucess\u00f5es, a\u00e7\u00f5es de uni\u00e3o est\u00e1vel, direito homoafetivo, a\u00e7\u00f5es de div\u00f3rcios, revis\u00e3o judicial de pens\u00e3o.","robots":{"index":"index","follow":"follow","max-snippet":"max-snippet:-1","max-image-preview":"max-image-preview:large","max-video-preview":"max-video-preview:-1"},"canonical":"https:\/\/geysacamara.com.br\/advocacia\/atuacoes\/direito-da-familia\/","og_locale":"en_US","og_type":"article","og_title":"Direito de Fam\u00edlia e sucess\u00f5es - Advogada Geysa Camara","og_description":"Direito de Fam\u00edlia e sucess\u00f5es, a\u00e7\u00f5es de uni\u00e3o est\u00e1vel, direito homoafetivo, a\u00e7\u00f5es de div\u00f3rcios, revis\u00e3o judicial de pens\u00e3o.","og_url":"https:\/\/geysacamara.com.br\/advocacia\/atuacoes\/direito-da-familia\/","og_site_name":"GEYSA CAMARA","article_publisher":"https:\/\/www.facebook.com\/geysacamaraadvogada","article_modified_time":"2021-07-14T15:48:58+00:00","og_image":[{"url":"http:\/\/geysacamara.com.br\/advocacia\/wp-content\/uploads\/2021\/07\/familia-1024x533.jpg","type":"","width":"","height":""}],"twitter_card":"summary_large_image","twitter_site":"@advocaciacamara","twitter_misc":{"Est. reading time":"2 minutes"},"schema":{"@context":"https:\/\/schema.org","@graph":[{"@type":"WebPage","@id":"https:\/\/geysacamara.com.br\/advocacia\/atuacoes\/direito-da-familia\/","url":"https:\/\/geysacamara.com.br\/advocacia\/atuacoes\/direito-da-familia\/","name":"Direito de Fam\u00edlia e sucess\u00f5es - Advogada Geysa Camara","isPartOf":{"@id":"https:\/\/geysacamara.com.br\/advocacia\/#website"},"primaryImageOfPage":{"@id":"https:\/\/geysacamara.com.br\/advocacia\/atuacoes\/direito-da-familia\/#primaryimage"},"image":{"@id":"https:\/\/geysacamara.com.br\/advocacia\/atuacoes\/direito-da-familia\/#primaryimage"},"thumbnailUrl":"http:\/\/geysacamara.com.br\/advocacia\/wp-content\/uploads\/2021\/07\/familia-1024x533.jpg","datePublished":"2013-12-10T00:38:37+00:00","dateModified":"2021-07-14T15:48:58+00:00","description":"Direito de Fam\u00edlia e sucess\u00f5es, a\u00e7\u00f5es de uni\u00e3o est\u00e1vel, direito homoafetivo, a\u00e7\u00f5es de div\u00f3rcios, revis\u00e3o judicial de pens\u00e3o.","breadcrumb":{"@id":"https:\/\/geysacamara.com.br\/advocacia\/atuacoes\/direito-da-familia\/#breadcrumb"},"inLanguage":"en-US","potentialAction":[{"@type":"ReadAction","target":["https:\/\/geysacamara.com.br\/advocacia\/atuacoes\/direito-da-familia\/"]}]},{"@type":"ImageObject","inLanguage":"en-US","@id":"https:\/\/geysacamara.com.br\/advocacia\/atuacoes\/direito-da-familia\/#primaryimage","url":"http:\/\/geysacamara.com.br\/advocacia\/wp-content\/uploads\/2021\/07\/familia-1024x533.jpg","contentUrl":"http:\/\/geysacamara.com.br\/advocacia\/wp-content\/uploads\/2021\/07\/familia-1024x533.jpg"},{"@type":"BreadcrumbList","@id":"https:\/\/geysacamara.com.br\/advocacia\/atuacoes\/direito-da-familia\/#breadcrumb","itemListElement":[{"@type":"ListItem","position":1,"name":"Servi\u00e7os Jur\u00eddicos","item":"https:\/\/geysacamara.com.br\/advocacia\/atuacoes\/"},{"@type":"ListItem","position":2,"name":"Direito de Fam\u00edlia"}]},{"@type":"WebSite","@id":"https:\/\/geysacamara.com.br\/advocacia\/#website","url":"https:\/\/geysacamara.com.br\/advocacia\/","name":"GEYSA CAMARA","description":"Advogada Petr\u00f3polis RJ e  Portugal","potentialAction":[{"@type":"SearchAction","target":{"@type":"EntryPoint","urlTemplate":"https:\/\/geysacamara.com.br\/advocacia\/?s={search_term_string}"},"query-input":{"@type":"PropertyValueSpecification","valueRequired":true,"valueName":"search_term_string"}}],"inLanguage":"en-US"}]}},"_links":{"self":[{"href":"https:\/\/geysacamara.com.br\/advocacia\/wp-json\/wp\/v2\/pages\/33","targetHints":{"allow":["GET"]}}],"collection":[{"href":"https:\/\/geysacamara.com.br\/advocacia\/wp-json\/wp\/v2\/pages"}],"about":[{"href":"https:\/\/geysacamara.com.br\/advocacia\/wp-json\/wp\/v2\/types\/page"}],"author":[{"embeddable":true,"href":"https:\/\/geysacamara.com.br\/advocacia\/wp-json\/wp\/v2\/users\/1"}],"replies":[{"embeddable":true,"href":"https:\/\/geysacamara.com.br\/advocacia\/wp-json\/wp\/v2\/comments?post=33"}],"version-history":[{"count":38,"href":"https:\/\/geysacamara.com.br\/advocacia\/wp-json\/wp\/v2\/pages\/33\/revisions"}],"predecessor-version":[{"id":1123,"href":"https:\/\/geysacamara.com.br\/advocacia\/wp-json\/wp\/v2\/pages\/33\/revisions\/1123"}],"up":[{"embeddable":true,"href":"https:\/\/geysacamara.com.br\/advocacia\/wp-json\/wp\/v2\/pages\/19"}],"wp:attachment":[{"href":"https:\/\/geysacamara.com.br\/advocacia\/wp-json\/wp\/v2\/media?parent=33"}],"curies":[{"name":"wp","href":"https:\/\/api.w.org\/{rel}","templated":true}]}}