{"id":64,"date":"2013-12-10T12:29:30","date_gmt":"2013-12-10T12:29:30","guid":{"rendered":"http:\/\/eecadvocaciadeapoio.com.br\/advocacia\/?page_id=64"},"modified":"2019-03-14T18:34:22","modified_gmt":"2019-03-14T18:34:22","slug":"direito-trabalhista","status":"publish","type":"page","link":"https:\/\/geysacamara.com.br\/advocacia\/atuacoes\/direito-trabalhista\/","title":{"rendered":"Direito Trabalhista"},"content":{"rendered":"<h2>Atua\u00e7\u00e3o em Direito Trabalhista:<\/h2>\n<hr \/>\n<div class=\"su-note\"  style=\"border-color:#dddddd;border-radius:3px;-moz-border-radius:3px;-webkit-border-radius:3px;\"><div class=\"su-note-inner su-u-clearfix su-u-trim\" style=\"background-color:#f7f7f7;border-color:#ffffff;color:#333333;border-radius:3px;-moz-border-radius:3px;-webkit-border-radius:3px;\">\n<p style=\"text-align: justify;\">Atuamos na defesa de interesses do trabalhador, regime CLT, Estatut\u00e1rio e demais regimes &#8211; abrangendo todas as esferas, administrativas ou litigiosas, perante a justi\u00e7a do trabalho e tribunais superiores com a finalidade de atingir a melhor tutela do direito de nossos clientes, em todos os tipos de pedidos que envolvam o direito trabalhista, tais quais: horas extras, desvios de fun\u00e7\u00e3o, verbas rescis\u00f3rias, diferen\u00e7as salariais, contribui\u00e7\u00f5es previdenci\u00e1rias, recolhimento de dep\u00f3sitos de FGTS, ass\u00e9dio moral, acidente de trabalho, dentre outros.<\/p>\n<\/div><\/div>\n<p><strong><a title=\"Contatos\" href=\"https:\/\/geysacamara.com.br\/advocacia\/index.php\/entre-em-contato\/\">Entre em contato: ser\u00e1 um prazer ajud\u00e1-lo<\/a>!<\/strong><\/p>\n<hr \/>\n<p style=\"text-align: justify;\"><a title=\"https:\/\/geysacamara.com.br\/advocacia\" href=\"https:\/\/geysacamara.com.br\/advocacia\" target=\"_blank\" rel=\"noopener noreferrer\"><strong>Geysa Camara Advocacia<\/strong><\/a> disponibiliza servi\u00e7os diferenciados, desenhados para atender tanto a clientes finais quanto a outros escrit\u00f3rios de advocacia, atrav\u00e9s de correspond\u00eancia jur\u00eddica e servi\u00e7os de apoio, agregando solu\u00e7\u00f5es com agilidade e efic\u00e1cia em todas as inst\u00e2ncias, nas comarcas de Petr\u00f3polis e Rio de Janeiro (Capital) bem como nas demais cidades serranas e de interior do RJ, com servi\u00e7os jur\u00eddicos aut\u00f4nomos, abrangentes e de alta qualidade, incluindo\u00a0servi\u00e7os de\u00a0<a title=\"http:\/\/advocaciadepartido.com.br\" href=\"http:\/\/advocaciadepartido.com.br\" target=\"_blank\" rel=\"noopener noreferrer\">correspondente jur\u00eddico<\/a>. com <a title=\"Contatos\" href=\"https:\/\/geysacamara.com.br\/advocacia\/index.php\/entre-em-contato\/\" target=\"_blank\" rel=\"noopener noreferrer\">advogados em Petr\u00f3polis<\/a> e <a title=\"Contatos\" href=\"https:\/\/geysacamara.com.br\/advocacia\/index.php\/entre-em-contato\/\" target=\"_blank\" rel=\"noopener noreferrer\">advogados no Rio de Janeiro<\/a>.<\/p>\n<hr \/>\n","protected":false},"excerpt":{"rendered":"<p>Atua\u00e7\u00e3o em Direito Trabalhista: Entre em contato: ser\u00e1 um prazer ajud\u00e1-lo! Geysa Camara Advocacia disponibiliza servi\u00e7os diferenciados, desenhados para atender tanto a clientes finais quanto a outros escrit\u00f3rios de advocacia, atrav\u00e9s de correspond\u00eancia jur\u00eddica e servi\u00e7os de apoio, agregando solu\u00e7\u00f5es com agilidade e efic\u00e1cia em todas as inst\u00e2ncias, nas comarcas de Petr\u00f3polis e Rio de Janeiro (Capital) bem como nas demais cidades serranas e de interior do RJ, com servi\u00e7os jur\u00eddicos aut\u00f4nomos, abrangentes e de alta qualidade, incluindo\u00a0servi\u00e7os de\u00a0correspondente jur\u00eddico. com advogados em Petr\u00f3polis e advogados no Rio de Janeiro.<\/p>\n","protected":false},"author":1,"featured_media":967,"parent":19,"menu_order":13,"comment_status":"open","ping_status":"open","template":"","meta":{"footnotes":"","_links_to":"","_links_to_target":""},"class_list":["post-64","page","type-page","status-publish","has-post-thumbnail","hentry"],"yoast_head":"<!-- This site is optimized with the Yoast SEO plugin v26.7 - https:\/\/yoast.com\/wordpress\/plugins\/seo\/ -->\n<title>Direito Trabalhista em Petr\u00f3polis e Rio de Janeiro<\/title>\n<meta name=\"description\" content=\"Direito Trabalhista \u00e9 uma das atua\u00e7\u00f5es da advogada Geysa Camara em Petr\u00f3polis e Rio de Janeiro.\" \/>\n<meta name=\"robots\" content=\"index, follow, max-snippet:-1, max-image-preview:large, max-video-preview:-1\" \/>\n<link rel=\"canonical\" href=\"https:\/\/geysacamara.com.br\/advocacia\/atuacoes\/direito-trabalhista\/\" \/>\n<meta property=\"og:locale\" content=\"en_US\" \/>\n<meta property=\"og:type\" content=\"article\" \/>\n<meta property=\"og:title\" content=\"Direito Trabalhista em Petr\u00f3polis e Rio de Janeiro\" \/>\n<meta property=\"og:description\" content=\"Direito Trabalhista \u00e9 uma das atua\u00e7\u00f5es da advogada Geysa Camara em Petr\u00f3polis e Rio de Janeiro.\" \/>\n<meta property=\"og:url\" content=\"https:\/\/geysacamara.com.br\/advocacia\/atuacoes\/direito-trabalhista\/\" \/>\n<meta property=\"og:site_name\" content=\"GEYSA CAMARA\" \/>\n<meta property=\"article:publisher\" content=\"https:\/\/www.facebook.com\/geysacamaraadvogada\" \/>\n<meta property=\"article:modified_time\" content=\"2019-03-14T18:34:22+00:00\" \/>\n<meta property=\"og:image\" content=\"https:\/\/geysacamara.com.br\/advocacia\/wp-content\/uploads\/2019\/03\/slide-trabalho.jpg\" \/>\n\t<meta property=\"og:image:width\" content=\"1600\" \/>\n\t<meta property=\"og:image:height\" content=\"625\" \/>\n\t<meta property=\"og:image:type\" content=\"image\/jpeg\" \/>\n<meta name=\"twitter:card\" content=\"summary_large_image\" \/>\n<meta name=\"twitter:site\" content=\"@advocaciacamara\" \/>\n<meta name=\"twitter:label1\" content=\"Est. reading time\" \/>\n\t<meta name=\"twitter:data1\" content=\"1 minute\" \/>\n<script type=\"application\/ld+json\" class=\"yoast-schema-graph\">{\"@context\":\"https:\/\/schema.org\",\"@graph\":[{\"@type\":\"WebPage\",\"@id\":\"https:\/\/geysacamara.com.br\/advocacia\/atuacoes\/direito-trabalhista\/\",\"url\":\"https:\/\/geysacamara.com.br\/advocacia\/atuacoes\/direito-trabalhista\/\",\"name\":\"Direito Trabalhista em Petr\u00f3polis e Rio de Janeiro\",\"isPartOf\":{\"@id\":\"https:\/\/geysacamara.com.br\/advocacia\/#website\"},\"primaryImageOfPage\":{\"@id\":\"https:\/\/geysacamara.com.br\/advocacia\/atuacoes\/direito-trabalhista\/#primaryimage\"},\"image\":{\"@id\":\"https:\/\/geysacamara.com.br\/advocacia\/atuacoes\/direito-trabalhista\/#primaryimage\"},\"thumbnailUrl\":\"https:\/\/geysacamara.com.br\/advocacia\/wp-content\/uploads\/2019\/03\/slide-trabalho.jpg\",\"datePublished\":\"2013-12-10T12:29:30+00:00\",\"dateModified\":\"2019-03-14T18:34:22+00:00\",\"description\":\"Direito Trabalhista \u00e9 uma das atua\u00e7\u00f5es da advogada Geysa Camara em Petr\u00f3polis e Rio de Janeiro.\",\"breadcrumb\":{\"@id\":\"https:\/\/geysacamara.com.br\/advocacia\/atuacoes\/direito-trabalhista\/#breadcrumb\"},\"inLanguage\":\"en-US\",\"potentialAction\":[{\"@type\":\"ReadAction\",\"target\":[\"https:\/\/geysacamara.com.br\/advocacia\/atuacoes\/direito-trabalhista\/\"]}]},{\"@type\":\"ImageObject\",\"inLanguage\":\"en-US\",\"@id\":\"https:\/\/geysacamara.com.br\/advocacia\/atuacoes\/direito-trabalhista\/#primaryimage\",\"url\":\"https:\/\/geysacamara.com.br\/advocacia\/wp-content\/uploads\/2019\/03\/slide-trabalho.jpg\",\"contentUrl\":\"https:\/\/geysacamara.com.br\/advocacia\/wp-content\/uploads\/2019\/03\/slide-trabalho.jpg\",\"width\":1600,\"height\":625,\"caption\":\"Advogado trabalhista em Petr\u00f3polis\"},{\"@type\":\"BreadcrumbList\",\"@id\":\"https:\/\/geysacamara.com.br\/advocacia\/atuacoes\/direito-trabalhista\/#breadcrumb\",\"itemListElement\":[{\"@type\":\"ListItem\",\"position\":1,\"name\":\"Servi\u00e7os Jur\u00eddicos\",\"item\":\"https:\/\/geysacamara.com.br\/advocacia\/atuacoes\/\"},{\"@type\":\"ListItem\",\"position\":2,\"name\":\"Direito Trabalhista\"}]},{\"@type\":\"WebSite\",\"@id\":\"https:\/\/geysacamara.com.br\/advocacia\/#website\",\"url\":\"https:\/\/geysacamara.com.br\/advocacia\/\",\"name\":\"GEYSA CAMARA\",\"description\":\"Advogada Petr\u00f3polis RJ e  Portugal\",\"potentialAction\":[{\"@type\":\"SearchAction\",\"target\":{\"@type\":\"EntryPoint\",\"urlTemplate\":\"https:\/\/geysacamara.com.br\/advocacia\/?s={search_term_string}\"},\"query-input\":{\"@type\":\"PropertyValueSpecification\",\"valueRequired\":true,\"valueName\":\"search_term_string\"}}],\"inLanguage\":\"en-US\"}]}<\/script>\n<!-- \/ Yoast SEO plugin. -->","yoast_head_json":{"title":"Direito Trabalhista em Petr\u00f3polis e Rio de Janeiro","description":"Direito Trabalhista \u00e9 uma das atua\u00e7\u00f5es da advogada Geysa Camara em Petr\u00f3polis e Rio de Janeiro.","robots":{"index":"index","follow":"follow","max-snippet":"max-snippet:-1","max-image-preview":"max-image-preview:large","max-video-preview":"max-video-preview:-1"},"canonical":"https:\/\/geysacamara.com.br\/advocacia\/atuacoes\/direito-trabalhista\/","og_locale":"en_US","og_type":"article","og_title":"Direito Trabalhista em Petr\u00f3polis e Rio de Janeiro","og_description":"Direito Trabalhista \u00e9 uma das atua\u00e7\u00f5es da advogada Geysa Camara em Petr\u00f3polis e Rio de Janeiro.","og_url":"https:\/\/geysacamara.com.br\/advocacia\/atuacoes\/direito-trabalhista\/","og_site_name":"GEYSA CAMARA","article_publisher":"https:\/\/www.facebook.com\/geysacamaraadvogada","article_modified_time":"2019-03-14T18:34:22+00:00","og_image":[{"width":1600,"height":625,"url":"https:\/\/geysacamara.com.br\/advocacia\/wp-content\/uploads\/2019\/03\/slide-trabalho.jpg","type":"image\/jpeg"}],"twitter_card":"summary_large_image","twitter_site":"@advocaciacamara","twitter_misc":{"Est. reading time":"1 minute"},"schema":{"@context":"https:\/\/schema.org","@graph":[{"@type":"WebPage","@id":"https:\/\/geysacamara.com.br\/advocacia\/atuacoes\/direito-trabalhista\/","url":"https:\/\/geysacamara.com.br\/advocacia\/atuacoes\/direito-trabalhista\/","name":"Direito Trabalhista em Petr\u00f3polis e Rio de Janeiro","isPartOf":{"@id":"https:\/\/geysacamara.com.br\/advocacia\/#website"},"primaryImageOfPage":{"@id":"https:\/\/geysacamara.com.br\/advocacia\/atuacoes\/direito-trabalhista\/#primaryimage"},"image":{"@id":"https:\/\/geysacamara.com.br\/advocacia\/atuacoes\/direito-trabalhista\/#primaryimage"},"thumbnailUrl":"https:\/\/geysacamara.com.br\/advocacia\/wp-content\/uploads\/2019\/03\/slide-trabalho.jpg","datePublished":"2013-12-10T12:29:30+00:00","dateModified":"2019-03-14T18:34:22+00:00","description":"Direito Trabalhista \u00e9 uma das atua\u00e7\u00f5es da advogada Geysa Camara em Petr\u00f3polis e Rio de Janeiro.","breadcrumb":{"@id":"https:\/\/geysacamara.com.br\/advocacia\/atuacoes\/direito-trabalhista\/#breadcrumb"},"inLanguage":"en-US","potentialAction":[{"@type":"ReadAction","target":["https:\/\/geysacamara.com.br\/advocacia\/atuacoes\/direito-trabalhista\/"]}]},{"@type":"ImageObject","inLanguage":"en-US","@id":"https:\/\/geysacamara.com.br\/advocacia\/atuacoes\/direito-trabalhista\/#primaryimage","url":"https:\/\/geysacamara.com.br\/advocacia\/wp-content\/uploads\/2019\/03\/slide-trabalho.jpg","contentUrl":"https:\/\/geysacamara.com.br\/advocacia\/wp-content\/uploads\/2019\/03\/slide-trabalho.jpg","width":1600,"height":625,"caption":"Advogado trabalhista em Petr\u00f3polis"},{"@type":"BreadcrumbList","@id":"https:\/\/geysacamara.com.br\/advocacia\/atuacoes\/direito-trabalhista\/#breadcrumb","itemListElement":[{"@type":"ListItem","position":1,"name":"Servi\u00e7os Jur\u00eddicos","item":"https:\/\/geysacamara.com.br\/advocacia\/atuacoes\/"},{"@type":"ListItem","position":2,"name":"Direito Trabalhista"}]},{"@type":"WebSite","@id":"https:\/\/geysacamara.com.br\/advocacia\/#website","url":"https:\/\/geysacamara.com.br\/advocacia\/","name":"GEYSA CAMARA","description":"Advogada Petr\u00f3polis RJ e  Portugal","potentialAction":[{"@type":"SearchAction","target":{"@type":"EntryPoint","urlTemplate":"https:\/\/geysacamara.com.br\/advocacia\/?s={search_term_string}"},"query-input":{"@type":"PropertyValueSpecification","valueRequired":true,"valueName":"search_term_string"}}],"inLanguage":"en-US"}]}},"_links":{"self":[{"href":"https:\/\/geysacamara.com.br\/advocacia\/wp-json\/wp\/v2\/pages\/64","targetHints":{"allow":["GET"]}}],"collection":[{"href":"https:\/\/geysacamara.com.br\/advocacia\/wp-json\/wp\/v2\/pages"}],"about":[{"href":"https:\/\/geysacamara.com.br\/advocacia\/wp-json\/wp\/v2\/types\/page"}],"author":[{"embeddable":true,"href":"https:\/\/geysacamara.com.br\/advocacia\/wp-json\/wp\/v2\/users\/1"}],"replies":[{"embeddable":true,"href":"https:\/\/geysacamara.com.br\/advocacia\/wp-json\/wp\/v2\/comments?post=64"}],"version-history":[{"count":14,"href":"https:\/\/geysacamara.com.br\/advocacia\/wp-json\/wp\/v2\/pages\/64\/revisions"}],"predecessor-version":[{"id":968,"href":"https:\/\/geysacamara.com.br\/advocacia\/wp-json\/wp\/v2\/pages\/64\/revisions\/968"}],"up":[{"embeddable":true,"href":"https:\/\/geysacamara.com.br\/advocacia\/wp-json\/wp\/v2\/pages\/19"}],"wp:featuredmedia":[{"embeddable":true,"href":"https:\/\/geysacamara.com.br\/advocacia\/wp-json\/wp\/v2\/media\/967"}],"wp:attachment":[{"href":"https:\/\/geysacamara.com.br\/advocacia\/wp-json\/wp\/v2\/media?parent=64"}],"curies":[{"name":"wp","href":"https:\/\/api.w.org\/{rel}","templated":true}]}}