{"id":989,"date":"2021-07-13T19:12:07","date_gmt":"2021-07-13T19:12:07","guid":{"rendered":"https:\/\/geysacamara.com.br\/advocacia\/?page_id=989"},"modified":"2021-07-14T12:04:02","modified_gmt":"2021-07-14T12:04:02","slug":"nacionalidade-portuguesa","status":"publish","type":"page","link":"https:\/\/geysacamara.com.br\/advocacia\/nacionalidade-portuguesa\/","title":{"rendered":"Nacionalidade Portuguesa"},"content":{"rendered":"<h3><strong>Atuamos para obten\u00e7\u00e3o da sua nacionalidade portuguesa diretamente em Portugal.<\/strong><\/h3>\n<p>Com advogados inscritos na Ordem dos Advogados do Brasil e na Ordem do Advogados de Portugal prestamos consultoria em todo processo, desde busca de certid\u00f5es at\u00e9 o reconhecimento da nacionalidade portuguesa.<br \/>\nRealizamos a pesquisa de documentos e certid\u00f5es para iniciar o processo de nacionalidade e acompanhamento do processo junto as Conservat\u00f3rias Portuguesas.<br \/>\nRealizamos Transcri\u00e7\u00e3o de Casamento e Div\u00f3rcio e atualiza\u00e7\u00e3o do estado civil perante as conservat\u00f3rias e buscas de certid\u00f5es para processo de nacionalidade portuguesa.<\/p>\n<div class=\"su-note\"  style=\"border-color:#dddddd;border-radius:3px;-moz-border-radius:3px;-webkit-border-radius:3px;\"><div class=\"su-note-inner su-u-clearfix su-u-trim\" style=\"background-color:#f7f7f7;border-color:#ffffff;color:#333333;border-radius:3px;-moz-border-radius:3px;-webkit-border-radius:3px;\">\n<h3><strong>Nacionalidade Portuguesa<\/strong><\/h3>\n<p>Atribui\u00e7\u00e3o Originaria por Ascend\u00eancia \u2013 Filhos e Netos: Pode ser atribu\u00edda \u00e0 nacionalidade portuguesa de forma origin\u00e1ria aos filhos e netos de portugueses, esta nacionalidade produz efeitos desde a data do nascimento e por isso pode ser repassada aos seus descendentes.<\/p>\n<\/div><\/div>\n<div class=\"su-note\"  style=\"border-color:#dddddd;border-radius:3px;-moz-border-radius:3px;-webkit-border-radius:3px;\"><div class=\"su-note-inner su-u-clearfix su-u-trim\" style=\"background-color:#f7f7f7;border-color:#ffffff;color:#333333;border-radius:3px;-moz-border-radius:3px;-webkit-border-radius:3px;\">\n<h3><strong>Naturaliza\u00e7\u00e3o de estrangeiros residentes no territ\u00f3rio portugu\u00eas<\/strong><\/h3>\n<p>O Governo concede a nacionalidade portuguesa por naturaliza\u00e7\u00e3o aos estrangeiros que satisfa\u00e7am o requisito de morar legalmente no pa\u00eds h\u00e1 05 anos.<\/p>\n<\/div><\/div>\n<div class=\"su-note\"  style=\"border-color:#dddddd;border-radius:3px;-moz-border-radius:3px;-webkit-border-radius:3px;\"><div class=\"su-note-inner su-u-clearfix su-u-trim\" style=\"background-color:#f7f7f7;border-color:#ffffff;color:#333333;border-radius:3px;-moz-border-radius:3px;-webkit-border-radius:3px;\">\n<h3><strong>Aquisi\u00e7\u00e3o de Nacionalidade por casamento com portugu\u00eas<\/strong><\/h3>\n<p>O estrangeiro casado h\u00e1 mais de tr\u00eas anos com nacional portugu\u00eas ou que viva em uni\u00e3o de facto h\u00e1 mais de tr\u00eas anos poder\u00e1 requerer a nacionalidade por esta via.<\/p>\n<\/div><\/div>\n<div class=\"su-note\"  style=\"border-color:#dddddd;border-radius:3px;-moz-border-radius:3px;-webkit-border-radius:3px;\"><div class=\"su-note-inner su-u-clearfix su-u-trim\" style=\"background-color:#f7f7f7;border-color:#ffffff;color:#333333;border-radius:3px;-moz-border-radius:3px;-webkit-border-radius:3px;\">\n<h3><strong>Atribui\u00e7\u00e3o de nacionalidade a filhos de imigrantes<\/strong><\/h3>\n<p>A mais recente altera\u00e7\u00e3o da Lei de nacionalidade portuguesa concede este direito aos nascidos em Portugal, cujos pais residam legalmente no territ\u00f3rio portugu\u00eas, ou caso os pais residam h\u00e1 pelo menos 1 ano em Portugal, independente do t\u00edtulo.<br \/>\nEsta op\u00e7\u00e3o garante ainda aos pais o t\u00edtulo de resid\u00eancia por ser ascendente de cidad\u00e3o portugu\u00eas origin\u00e1rio e, consequentemente, a aquisi\u00e7\u00e3o da nacionalidade portuguesa.<\/p>\n<\/div><\/div>\n<div class=\"su-note\"  style=\"border-color:#dddddd;border-radius:3px;-moz-border-radius:3px;-webkit-border-radius:3px;\"><div class=\"su-note-inner su-u-clearfix su-u-trim\" style=\"background-color:#f7f7f7;border-color:#ffffff;color:#333333;border-radius:3px;-moz-border-radius:3px;-webkit-border-radius:3px;\">\n<h3><strong>Atribui\u00e7\u00e3o de Nacionalidade para descendentes de Judeus Sefarditas<\/strong><\/h3>\n<p>Para esta hip\u00f3tese atuamos com parceiros especializados em estudos e \u00e1rvores geneal\u00f3gicas visando demonstrar o cumprimento dos requisitos necess\u00e1rios e estabelecimento da perten\u00e7a.<br \/>\nAp\u00f3s a elabora\u00e7\u00e3o do estudo geneal\u00f3gico, atuamos em busca da certifica\u00e7\u00e3o do mesmo junto da comunidade israelita em Portugal e, por fim, iniciamos o processo e acompanhamento da nacionalidade junto \u00e0 uma conservat\u00f3ria em Portugal<\/p>\n<\/div><\/div>\n<div id=\"attachment_1035\" style=\"width: 1034px\" class=\"wp-caption aligncenter\"><img loading=\"lazy\" decoding=\"async\" aria-describedby=\"caption-attachment-1035\" class=\"wp-image-1035 size-large\" src=\"https:\/\/geysacamara.com.br\/advocacia\/wp-content\/uploads\/2021\/07\/visto-portugal-1024x533.jpg\" alt=\"Cidadania Portuguesa\" width=\"1024\" height=\"533\" srcset=\"https:\/\/geysacamara.com.br\/advocacia\/wp-content\/uploads\/2021\/07\/visto-portugal-1024x533.jpg 1024w, https:\/\/geysacamara.com.br\/advocacia\/wp-content\/uploads\/2021\/07\/visto-portugal-300x156.jpg 300w, https:\/\/geysacamara.com.br\/advocacia\/wp-content\/uploads\/2021\/07\/visto-portugal-768x400.jpg 768w, https:\/\/geysacamara.com.br\/advocacia\/wp-content\/uploads\/2021\/07\/visto-portugal-150x78.jpg 150w, https:\/\/geysacamara.com.br\/advocacia\/wp-content\/uploads\/2021\/07\/visto-portugal.jpg 1400w\" sizes=\"auto, (max-width: 1024px) 100vw, 1024px\" \/><p id=\"caption-attachment-1035\" class=\"wp-caption-text\">Cidadania Portuguesa<\/p><\/div>\n","protected":false},"excerpt":{"rendered":"<p>Atuamos para obten\u00e7\u00e3o da sua nacionalidade portuguesa diretamente em Portugal. Com advogados inscritos na Ordem dos Advogados do Brasil e na Ordem do Advogados de Portugal prestamos consultoria em todo processo, desde busca de certid\u00f5es at\u00e9 o reconhecimento da nacionalidade portuguesa. Realizamos a pesquisa de documentos e certid\u00f5es para iniciar o processo de nacionalidade e acompanhamento do processo junto as Conservat\u00f3rias Portuguesas. Realizamos Transcri\u00e7\u00e3o de Casamento e Div\u00f3rcio e atualiza\u00e7\u00e3o do estado civil perante as conservat\u00f3rias e buscas de certid\u00f5es para processo de nacionalidade portuguesa.<\/p>\n","protected":false},"author":1,"featured_media":0,"parent":0,"menu_order":0,"comment_status":"closed","ping_status":"closed","template":"","meta":{"footnotes":"","_links_to":"","_links_to_target":""},"class_list":["post-989","page","type-page","status-publish","hentry"],"yoast_head":"<!-- This site is optimized with the Yoast SEO plugin v26.7 - https:\/\/yoast.com\/wordpress\/plugins\/seo\/ -->\n<title>Advogado em Petr\u00f3polis, correspondente juridico Petr\u00f3polis RJ<\/title>\n<meta name=\"description\" content=\"Geysa Camara \u00e9 advogada em Petr\u00f3polis atuando ainda como Advogada Correspondente em Petr\u00f3polis e Rio, especializada em direito civil e consumidor.\" \/>\n<meta name=\"robots\" content=\"index, follow, max-snippet:-1, max-image-preview:large, max-video-preview:-1\" \/>\n<link rel=\"canonical\" href=\"https:\/\/geysacamara.com.br\/advocacia\/nacionalidade-portuguesa\/\" \/>\n<meta property=\"og:locale\" content=\"en_US\" \/>\n<meta property=\"og:type\" content=\"article\" \/>\n<meta property=\"og:title\" content=\"Advogado em Petr\u00f3polis, correspondente juridico Petr\u00f3polis RJ\" \/>\n<meta property=\"og:description\" content=\"Geysa Camara \u00e9 advogada em Petr\u00f3polis atuando ainda como Advogada Correspondente em Petr\u00f3polis e Rio, especializada em direito civil e consumidor.\" \/>\n<meta property=\"og:url\" content=\"https:\/\/geysacamara.com.br\/advocacia\/nacionalidade-portuguesa\/\" \/>\n<meta property=\"og:site_name\" content=\"GEYSA CAMARA\" \/>\n<meta property=\"article:publisher\" content=\"https:\/\/www.facebook.com\/geysacamaraadvogada\" \/>\n<meta property=\"article:modified_time\" content=\"2021-07-14T12:04:02+00:00\" \/>\n<meta property=\"og:image\" content=\"https:\/\/geysacamara.com.br\/advocacia\/wp-content\/uploads\/2021\/07\/visto-portugal-1024x533.jpg\" \/>\n<meta name=\"twitter:card\" content=\"summary_large_image\" \/>\n<meta name=\"twitter:site\" content=\"@advocaciacamara\" \/>\n<meta name=\"twitter:label1\" content=\"Est. reading time\" \/>\n\t<meta name=\"twitter:data1\" content=\"2 minutes\" \/>\n<script type=\"application\/ld+json\" class=\"yoast-schema-graph\">{\"@context\":\"https:\/\/schema.org\",\"@graph\":[{\"@type\":\"WebPage\",\"@id\":\"https:\/\/geysacamara.com.br\/advocacia\/nacionalidade-portuguesa\/\",\"url\":\"https:\/\/geysacamara.com.br\/advocacia\/nacionalidade-portuguesa\/\",\"name\":\"Advogado em Petr\u00f3polis, correspondente juridico Petr\u00f3polis RJ\",\"isPartOf\":{\"@id\":\"https:\/\/geysacamara.com.br\/advocacia\/#website\"},\"primaryImageOfPage\":{\"@id\":\"https:\/\/geysacamara.com.br\/advocacia\/nacionalidade-portuguesa\/#primaryimage\"},\"image\":{\"@id\":\"https:\/\/geysacamara.com.br\/advocacia\/nacionalidade-portuguesa\/#primaryimage\"},\"thumbnailUrl\":\"https:\/\/geysacamara.com.br\/advocacia\/wp-content\/uploads\/2021\/07\/visto-portugal-1024x533.jpg\",\"datePublished\":\"2021-07-13T19:12:07+00:00\",\"dateModified\":\"2021-07-14T12:04:02+00:00\",\"description\":\"Geysa Camara \u00e9 advogada em Petr\u00f3polis atuando ainda como Advogada Correspondente em Petr\u00f3polis e Rio, especializada em direito civil e consumidor.\",\"inLanguage\":\"en-US\",\"potentialAction\":[{\"@type\":\"ReadAction\",\"target\":[\"https:\/\/geysacamara.com.br\/advocacia\/nacionalidade-portuguesa\/\"]}]},{\"@type\":\"ImageObject\",\"inLanguage\":\"en-US\",\"@id\":\"https:\/\/geysacamara.com.br\/advocacia\/nacionalidade-portuguesa\/#primaryimage\",\"url\":\"https:\/\/geysacamara.com.br\/advocacia\/wp-content\/uploads\/2021\/07\/visto-portugal.jpg\",\"contentUrl\":\"https:\/\/geysacamara.com.br\/advocacia\/wp-content\/uploads\/2021\/07\/visto-portugal.jpg\",\"width\":1400,\"height\":729,\"caption\":\"Cidadania Portuguesa\"},{\"@type\":\"WebSite\",\"@id\":\"https:\/\/geysacamara.com.br\/advocacia\/#website\",\"url\":\"https:\/\/geysacamara.com.br\/advocacia\/\",\"name\":\"GEYSA CAMARA\",\"description\":\"Advogada Petr\u00f3polis RJ e  Portugal\",\"potentialAction\":[{\"@type\":\"SearchAction\",\"target\":{\"@type\":\"EntryPoint\",\"urlTemplate\":\"https:\/\/geysacamara.com.br\/advocacia\/?s={search_term_string}\"},\"query-input\":{\"@type\":\"PropertyValueSpecification\",\"valueRequired\":true,\"valueName\":\"search_term_string\"}}],\"inLanguage\":\"en-US\"}]}<\/script>\n<!-- \/ Yoast SEO plugin. -->","yoast_head_json":{"title":"Advogado em Petr\u00f3polis, correspondente juridico Petr\u00f3polis RJ","description":"Geysa Camara \u00e9 advogada em Petr\u00f3polis atuando ainda como Advogada Correspondente em Petr\u00f3polis e Rio, especializada em direito civil e consumidor.","robots":{"index":"index","follow":"follow","max-snippet":"max-snippet:-1","max-image-preview":"max-image-preview:large","max-video-preview":"max-video-preview:-1"},"canonical":"https:\/\/geysacamara.com.br\/advocacia\/nacionalidade-portuguesa\/","og_locale":"en_US","og_type":"article","og_title":"Advogado em Petr\u00f3polis, correspondente juridico Petr\u00f3polis RJ","og_description":"Geysa Camara \u00e9 advogada em Petr\u00f3polis atuando ainda como Advogada Correspondente em Petr\u00f3polis e Rio, especializada em direito civil e consumidor.","og_url":"https:\/\/geysacamara.com.br\/advocacia\/nacionalidade-portuguesa\/","og_site_name":"GEYSA CAMARA","article_publisher":"https:\/\/www.facebook.com\/geysacamaraadvogada","article_modified_time":"2021-07-14T12:04:02+00:00","og_image":[{"url":"https:\/\/geysacamara.com.br\/advocacia\/wp-content\/uploads\/2021\/07\/visto-portugal-1024x533.jpg","type":"","width":"","height":""}],"twitter_card":"summary_large_image","twitter_site":"@advocaciacamara","twitter_misc":{"Est. reading time":"2 minutes"},"schema":{"@context":"https:\/\/schema.org","@graph":[{"@type":"WebPage","@id":"https:\/\/geysacamara.com.br\/advocacia\/nacionalidade-portuguesa\/","url":"https:\/\/geysacamara.com.br\/advocacia\/nacionalidade-portuguesa\/","name":"Advogado em Petr\u00f3polis, correspondente juridico Petr\u00f3polis RJ","isPartOf":{"@id":"https:\/\/geysacamara.com.br\/advocacia\/#website"},"primaryImageOfPage":{"@id":"https:\/\/geysacamara.com.br\/advocacia\/nacionalidade-portuguesa\/#primaryimage"},"image":{"@id":"https:\/\/geysacamara.com.br\/advocacia\/nacionalidade-portuguesa\/#primaryimage"},"thumbnailUrl":"https:\/\/geysacamara.com.br\/advocacia\/wp-content\/uploads\/2021\/07\/visto-portugal-1024x533.jpg","datePublished":"2021-07-13T19:12:07+00:00","dateModified":"2021-07-14T12:04:02+00:00","description":"Geysa Camara \u00e9 advogada em Petr\u00f3polis atuando ainda como Advogada Correspondente em Petr\u00f3polis e Rio, especializada em direito civil e consumidor.","inLanguage":"en-US","potentialAction":[{"@type":"ReadAction","target":["https:\/\/geysacamara.com.br\/advocacia\/nacionalidade-portuguesa\/"]}]},{"@type":"ImageObject","inLanguage":"en-US","@id":"https:\/\/geysacamara.com.br\/advocacia\/nacionalidade-portuguesa\/#primaryimage","url":"https:\/\/geysacamara.com.br\/advocacia\/wp-content\/uploads\/2021\/07\/visto-portugal.jpg","contentUrl":"https:\/\/geysacamara.com.br\/advocacia\/wp-content\/uploads\/2021\/07\/visto-portugal.jpg","width":1400,"height":729,"caption":"Cidadania Portuguesa"},{"@type":"WebSite","@id":"https:\/\/geysacamara.com.br\/advocacia\/#website","url":"https:\/\/geysacamara.com.br\/advocacia\/","name":"GEYSA CAMARA","description":"Advogada Petr\u00f3polis RJ e  Portugal","potentialAction":[{"@type":"SearchAction","target":{"@type":"EntryPoint","urlTemplate":"https:\/\/geysacamara.com.br\/advocacia\/?s={search_term_string}"},"query-input":{"@type":"PropertyValueSpecification","valueRequired":true,"valueName":"search_term_string"}}],"inLanguage":"en-US"}]}},"_links":{"self":[{"href":"https:\/\/geysacamara.com.br\/advocacia\/wp-json\/wp\/v2\/pages\/989","targetHints":{"allow":["GET"]}}],"collection":[{"href":"https:\/\/geysacamara.com.br\/advocacia\/wp-json\/wp\/v2\/pages"}],"about":[{"href":"https:\/\/geysacamara.com.br\/advocacia\/wp-json\/wp\/v2\/types\/page"}],"author":[{"embeddable":true,"href":"https:\/\/geysacamara.com.br\/advocacia\/wp-json\/wp\/v2\/users\/1"}],"replies":[{"embeddable":true,"href":"https:\/\/geysacamara.com.br\/advocacia\/wp-json\/wp\/v2\/comments?post=989"}],"version-history":[{"count":15,"href":"https:\/\/geysacamara.com.br\/advocacia\/wp-json\/wp\/v2\/pages\/989\/revisions"}],"predecessor-version":[{"id":1092,"href":"https:\/\/geysacamara.com.br\/advocacia\/wp-json\/wp\/v2\/pages\/989\/revisions\/1092"}],"wp:attachment":[{"href":"https:\/\/geysacamara.com.br\/advocacia\/wp-json\/wp\/v2\/media?parent=989"}],"curies":[{"name":"wp","href":"https:\/\/api.w.org\/{rel}","templated":true}]}}