{"id":993,"date":"2021-07-13T19:15:24","date_gmt":"2021-07-13T19:15:24","guid":{"rendered":"https:\/\/geysacamara.com.br\/advocacia\/?page_id=993"},"modified":"2021-07-14T15:27:26","modified_gmt":"2021-07-14T15:27:26","slug":"vistos","status":"publish","type":"page","link":"https:\/\/geysacamara.com.br\/advocacia\/vistos\/","title":{"rendered":"Vistos"},"content":{"rendered":"<h3><strong>Atuamos para obten\u00e7\u00e3o da vistos em Portugal.<\/strong><\/h3>\n<div class=\"su-note\"  style=\"border-color:#dddddd;border-radius:3px;-moz-border-radius:3px;-webkit-border-radius:3px;\"><div class=\"su-note-inner su-u-clearfix su-u-trim\" style=\"background-color:#f7f7f7;border-color:#ffffff;color:#333333;border-radius:3px;-moz-border-radius:3px;-webkit-border-radius:3px;\">\n<h3><strong>Visto de Estudante<\/strong><\/h3>\n<p>Estudar fora \u00e9 um sonho para muitos brasileiros, Portugal possui faculdades renomadas internacionalmente e a facilidade da l\u00edngua e cultura contribui para que este sonho se torne mais pr\u00f3ximo e poss\u00edvel. Nossa consultoria para Vistos e Planejamento Migrat\u00f3rio ir\u00e1 te auxiliar para realizar este sonho!<br \/>\nO visto de estudante \u00e9 voltado para estudantes que pretendam frequentar cursos do ensino superior\/profissional em Portugal. Nossos servi\u00e7os incluem aux\u00edlio no processo de candidaturas, vistos, reconhecimento de diplomas estrangeiro em Portugal, acompanhamento e planejamento migrat\u00f3rio do e demais necessidades do futuro estudante.<\/p>\n<p>Nos casos de autoriza\u00e7\u00e3o de resid\u00eancia para estudo, os membros da fam\u00edlia podem pedir o reagrupamento familiar. Desta forma atuamos tamb\u00e9m para obten\u00e7\u00e3o da autoriza\u00e7\u00e3o de resid\u00eancia por reagrupamento familiar dos c\u00f4njuges ou companheiros de facto e filhos menores.<\/p>\n<\/div><\/div>\n<div class=\"su-note\"  style=\"border-color:#dddddd;border-radius:3px;-moz-border-radius:3px;-webkit-border-radius:3px;\"><div class=\"su-note-inner su-u-clearfix su-u-trim\" style=\"background-color:#f7f7f7;border-color:#ffffff;color:#333333;border-radius:3px;-moz-border-radius:3px;-webkit-border-radius:3px;\">\n<h3><strong>Visto para aposentados e portadores de rendimentos<\/strong><\/h3>\n<p>Este visto \u00e9 destinado a brasileiros que est\u00e3o aposentados ou que possuem algum rendimento no Brasil oriundo de bens m\u00f3veis, im\u00f3veis, propriedade intelectual ou de aplica\u00e7\u00f5es financeiras. Os portadores do visto D7 contam ainda com a possibilidade de usufruir do Estatuto de Residentes n\u00e3o Habituais, beneficiando-se assim da isen\u00e7\u00e3o de tributa\u00e7\u00e3o relativa a esses rendimentos ou pens\u00f5es, obtidos fora de Portugal, desde que j\u00e1 tenham sido tributados em seu pa\u00eds de origem.<\/p>\n<\/div><\/div>\n<div class=\"su-note\"  style=\"border-color:#dddddd;border-radius:3px;-moz-border-radius:3px;-webkit-border-radius:3px;\"><div class=\"su-note-inner su-u-clearfix su-u-trim\" style=\"background-color:#f7f7f7;border-color:#ffffff;color:#333333;border-radius:3px;-moz-border-radius:3px;-webkit-border-radius:3px;\">\n<h3><strong>Visto de trabalho e vistos para imigrantes altamente qualificados<\/strong><\/h3>\n<p>Estes vistos s\u00e3o espec\u00edficos para o exerc\u00edcio de trabalho. O visto de resid\u00eancia para atividade altamente qualificada exercida por trabalhador que demonstrem ser titulares de qualifica\u00e7\u00f5es profissionais elevadas.<\/p>\n<\/div><\/div>\n<div class=\"su-note\"  style=\"border-color:#dddddd;border-radius:3px;-moz-border-radius:3px;-webkit-border-radius:3px;\"><div class=\"su-note-inner su-u-clearfix su-u-trim\" style=\"background-color:#f7f7f7;border-color:#ffffff;color:#333333;border-radius:3px;-moz-border-radius:3px;-webkit-border-radius:3px;\">\n<h3><strong>Visto para empreendedores<\/strong><\/h3>\n<p>Este visto de resid\u00eancia destina-se a pessoas que pretendam empreender em Portugal. Prestamos aux\u00edlio para obten\u00e7\u00e3o do visto no Brasil e tamb\u00e9m para abertura da empresa em Portugal, abertura do NIF, abertura da conta banc\u00e1ria e emiss\u00e3o da autoriza\u00e7\u00e3o de resid\u00eancia em Portugal.<\/p>\n<\/div><\/div>\n<div class=\"su-note\"  style=\"border-color:#dddddd;border-radius:3px;-moz-border-radius:3px;-webkit-border-radius:3px;\"><div class=\"su-note-inner su-u-clearfix su-u-trim\" style=\"background-color:#f7f7f7;border-color:#ffffff;color:#333333;border-radius:3px;-moz-border-radius:3px;-webkit-border-radius:3px;\"><\/div><\/div>\n<p><img loading=\"lazy\" decoding=\"async\" class=\"aligncenter size-large wp-image-1098\" src=\"https:\/\/geysacamara.com.br\/advocacia\/wp-content\/uploads\/2021\/07\/visto-de-estudante-1024x533.jpg\" alt=\"Visto de Estudante em Portugal\" width=\"1024\" height=\"533\" srcset=\"https:\/\/geysacamara.com.br\/advocacia\/wp-content\/uploads\/2021\/07\/visto-de-estudante-1024x533.jpg 1024w, https:\/\/geysacamara.com.br\/advocacia\/wp-content\/uploads\/2021\/07\/visto-de-estudante-300x156.jpg 300w, https:\/\/geysacamara.com.br\/advocacia\/wp-content\/uploads\/2021\/07\/visto-de-estudante-768x400.jpg 768w, https:\/\/geysacamara.com.br\/advocacia\/wp-content\/uploads\/2021\/07\/visto-de-estudante.jpg 1400w\" sizes=\"auto, (max-width: 1024px) 100vw, 1024px\" \/><\/p>\n","protected":false},"excerpt":{"rendered":"<p>Atuamos para obten\u00e7\u00e3o da vistos em Portugal.<\/p>\n","protected":false},"author":1,"featured_media":0,"parent":0,"menu_order":0,"comment_status":"closed","ping_status":"closed","template":"","meta":{"footnotes":"","_links_to":"","_links_to_target":""},"class_list":["post-993","page","type-page","status-publish","hentry"],"yoast_head":"<!-- This site is optimized with the Yoast SEO plugin v26.7 - https:\/\/yoast.com\/wordpress\/plugins\/seo\/ -->\n<title>Advogado em Petr\u00f3polis, correspondente juridico Petr\u00f3polis RJ<\/title>\n<meta name=\"description\" content=\"Geysa Camara \u00e9 advogada em Petr\u00f3polis atuando ainda como Advogada Correspondente em Petr\u00f3polis e Rio, especializada em direito civil e consumidor.\" \/>\n<meta name=\"robots\" content=\"index, follow, max-snippet:-1, max-image-preview:large, max-video-preview:-1\" \/>\n<link rel=\"canonical\" href=\"https:\/\/geysacamara.com.br\/advocacia\/vistos\/\" \/>\n<meta property=\"og:locale\" content=\"en_US\" \/>\n<meta property=\"og:type\" content=\"article\" \/>\n<meta property=\"og:title\" content=\"Advogado em Petr\u00f3polis, correspondente juridico Petr\u00f3polis RJ\" \/>\n<meta property=\"og:description\" content=\"Geysa Camara \u00e9 advogada em Petr\u00f3polis atuando ainda como Advogada Correspondente em Petr\u00f3polis e Rio, especializada em direito civil e consumidor.\" \/>\n<meta property=\"og:url\" content=\"https:\/\/geysacamara.com.br\/advocacia\/vistos\/\" \/>\n<meta property=\"og:site_name\" content=\"GEYSA CAMARA\" \/>\n<meta property=\"article:publisher\" content=\"https:\/\/www.facebook.com\/geysacamaraadvogada\" \/>\n<meta property=\"article:modified_time\" content=\"2021-07-14T15:27:26+00:00\" \/>\n<meta property=\"og:image\" content=\"https:\/\/geysacamara.com.br\/advocacia\/wp-content\/uploads\/2021\/07\/visto-de-estudante-1024x533.jpg\" \/>\n<meta name=\"twitter:card\" content=\"summary_large_image\" \/>\n<meta name=\"twitter:site\" content=\"@advocaciacamara\" \/>\n<meta name=\"twitter:label1\" content=\"Est. reading time\" \/>\n\t<meta name=\"twitter:data1\" content=\"2 minutes\" \/>\n<script type=\"application\/ld+json\" class=\"yoast-schema-graph\">{\"@context\":\"https:\/\/schema.org\",\"@graph\":[{\"@type\":\"WebPage\",\"@id\":\"https:\/\/geysacamara.com.br\/advocacia\/vistos\/\",\"url\":\"https:\/\/geysacamara.com.br\/advocacia\/vistos\/\",\"name\":\"Advogado em Petr\u00f3polis, correspondente juridico Petr\u00f3polis RJ\",\"isPartOf\":{\"@id\":\"https:\/\/geysacamara.com.br\/advocacia\/#website\"},\"primaryImageOfPage\":{\"@id\":\"https:\/\/geysacamara.com.br\/advocacia\/vistos\/#primaryimage\"},\"image\":{\"@id\":\"https:\/\/geysacamara.com.br\/advocacia\/vistos\/#primaryimage\"},\"thumbnailUrl\":\"https:\/\/geysacamara.com.br\/advocacia\/wp-content\/uploads\/2021\/07\/visto-de-estudante-1024x533.jpg\",\"datePublished\":\"2021-07-13T19:15:24+00:00\",\"dateModified\":\"2021-07-14T15:27:26+00:00\",\"description\":\"Geysa Camara \u00e9 advogada em Petr\u00f3polis atuando ainda como Advogada Correspondente em Petr\u00f3polis e Rio, especializada em direito civil e consumidor.\",\"inLanguage\":\"en-US\",\"potentialAction\":[{\"@type\":\"ReadAction\",\"target\":[\"https:\/\/geysacamara.com.br\/advocacia\/vistos\/\"]}]},{\"@type\":\"ImageObject\",\"inLanguage\":\"en-US\",\"@id\":\"https:\/\/geysacamara.com.br\/advocacia\/vistos\/#primaryimage\",\"url\":\"https:\/\/geysacamara.com.br\/advocacia\/wp-content\/uploads\/2021\/07\/visto-de-estudante.jpg\",\"contentUrl\":\"https:\/\/geysacamara.com.br\/advocacia\/wp-content\/uploads\/2021\/07\/visto-de-estudante.jpg\",\"width\":1400,\"height\":729,\"caption\":\"Visto de Estudante em Portugal\"},{\"@type\":\"WebSite\",\"@id\":\"https:\/\/geysacamara.com.br\/advocacia\/#website\",\"url\":\"https:\/\/geysacamara.com.br\/advocacia\/\",\"name\":\"GEYSA CAMARA\",\"description\":\"Advogada Petr\u00f3polis RJ e  Portugal\",\"potentialAction\":[{\"@type\":\"SearchAction\",\"target\":{\"@type\":\"EntryPoint\",\"urlTemplate\":\"https:\/\/geysacamara.com.br\/advocacia\/?s={search_term_string}\"},\"query-input\":{\"@type\":\"PropertyValueSpecification\",\"valueRequired\":true,\"valueName\":\"search_term_string\"}}],\"inLanguage\":\"en-US\"}]}<\/script>\n<!-- \/ Yoast SEO plugin. -->","yoast_head_json":{"title":"Advogado em Petr\u00f3polis, correspondente juridico Petr\u00f3polis RJ","description":"Geysa Camara \u00e9 advogada em Petr\u00f3polis atuando ainda como Advogada Correspondente em Petr\u00f3polis e Rio, especializada em direito civil e consumidor.","robots":{"index":"index","follow":"follow","max-snippet":"max-snippet:-1","max-image-preview":"max-image-preview:large","max-video-preview":"max-video-preview:-1"},"canonical":"https:\/\/geysacamara.com.br\/advocacia\/vistos\/","og_locale":"en_US","og_type":"article","og_title":"Advogado em Petr\u00f3polis, correspondente juridico Petr\u00f3polis RJ","og_description":"Geysa Camara \u00e9 advogada em Petr\u00f3polis atuando ainda como Advogada Correspondente em Petr\u00f3polis e Rio, especializada em direito civil e consumidor.","og_url":"https:\/\/geysacamara.com.br\/advocacia\/vistos\/","og_site_name":"GEYSA CAMARA","article_publisher":"https:\/\/www.facebook.com\/geysacamaraadvogada","article_modified_time":"2021-07-14T15:27:26+00:00","og_image":[{"url":"https:\/\/geysacamara.com.br\/advocacia\/wp-content\/uploads\/2021\/07\/visto-de-estudante-1024x533.jpg","type":"","width":"","height":""}],"twitter_card":"summary_large_image","twitter_site":"@advocaciacamara","twitter_misc":{"Est. reading time":"2 minutes"},"schema":{"@context":"https:\/\/schema.org","@graph":[{"@type":"WebPage","@id":"https:\/\/geysacamara.com.br\/advocacia\/vistos\/","url":"https:\/\/geysacamara.com.br\/advocacia\/vistos\/","name":"Advogado em Petr\u00f3polis, correspondente juridico Petr\u00f3polis RJ","isPartOf":{"@id":"https:\/\/geysacamara.com.br\/advocacia\/#website"},"primaryImageOfPage":{"@id":"https:\/\/geysacamara.com.br\/advocacia\/vistos\/#primaryimage"},"image":{"@id":"https:\/\/geysacamara.com.br\/advocacia\/vistos\/#primaryimage"},"thumbnailUrl":"https:\/\/geysacamara.com.br\/advocacia\/wp-content\/uploads\/2021\/07\/visto-de-estudante-1024x533.jpg","datePublished":"2021-07-13T19:15:24+00:00","dateModified":"2021-07-14T15:27:26+00:00","description":"Geysa Camara \u00e9 advogada em Petr\u00f3polis atuando ainda como Advogada Correspondente em Petr\u00f3polis e Rio, especializada em direito civil e consumidor.","inLanguage":"en-US","potentialAction":[{"@type":"ReadAction","target":["https:\/\/geysacamara.com.br\/advocacia\/vistos\/"]}]},{"@type":"ImageObject","inLanguage":"en-US","@id":"https:\/\/geysacamara.com.br\/advocacia\/vistos\/#primaryimage","url":"https:\/\/geysacamara.com.br\/advocacia\/wp-content\/uploads\/2021\/07\/visto-de-estudante.jpg","contentUrl":"https:\/\/geysacamara.com.br\/advocacia\/wp-content\/uploads\/2021\/07\/visto-de-estudante.jpg","width":1400,"height":729,"caption":"Visto de Estudante em Portugal"},{"@type":"WebSite","@id":"https:\/\/geysacamara.com.br\/advocacia\/#website","url":"https:\/\/geysacamara.com.br\/advocacia\/","name":"GEYSA CAMARA","description":"Advogada Petr\u00f3polis RJ e  Portugal","potentialAction":[{"@type":"SearchAction","target":{"@type":"EntryPoint","urlTemplate":"https:\/\/geysacamara.com.br\/advocacia\/?s={search_term_string}"},"query-input":{"@type":"PropertyValueSpecification","valueRequired":true,"valueName":"search_term_string"}}],"inLanguage":"en-US"}]}},"_links":{"self":[{"href":"https:\/\/geysacamara.com.br\/advocacia\/wp-json\/wp\/v2\/pages\/993","targetHints":{"allow":["GET"]}}],"collection":[{"href":"https:\/\/geysacamara.com.br\/advocacia\/wp-json\/wp\/v2\/pages"}],"about":[{"href":"https:\/\/geysacamara.com.br\/advocacia\/wp-json\/wp\/v2\/types\/page"}],"author":[{"embeddable":true,"href":"https:\/\/geysacamara.com.br\/advocacia\/wp-json\/wp\/v2\/users\/1"}],"replies":[{"embeddable":true,"href":"https:\/\/geysacamara.com.br\/advocacia\/wp-json\/wp\/v2\/comments?post=993"}],"version-history":[{"count":6,"href":"https:\/\/geysacamara.com.br\/advocacia\/wp-json\/wp\/v2\/pages\/993\/revisions"}],"predecessor-version":[{"id":1100,"href":"https:\/\/geysacamara.com.br\/advocacia\/wp-json\/wp\/v2\/pages\/993\/revisions\/1100"}],"wp:attachment":[{"href":"https:\/\/geysacamara.com.br\/advocacia\/wp-json\/wp\/v2\/media?parent=993"}],"curies":[{"name":"wp","href":"https:\/\/api.w.org\/{rel}","templated":true}]}}