{"id":995,"date":"2021-07-13T19:15:56","date_gmt":"2021-07-13T19:15:56","guid":{"rendered":"https:\/\/geysacamara.com.br\/advocacia\/?page_id=995"},"modified":"2021-07-14T15:28:51","modified_gmt":"2021-07-14T15:28:51","slug":"correspondente-juridico-em-portugal","status":"publish","type":"page","link":"https:\/\/geysacamara.com.br\/advocacia\/correspondente-juridico-em-portugal\/","title":{"rendered":"Correspondente Jur\u00eddico em Portugal"},"content":{"rendered":"<h2>Correspond\u00eancia Jur\u00eddica em Portugal<\/h2>\n<p>Atuamos em Portugal com a regulariza\u00e7\u00e3o e solicita\u00e7\u00e3o de documentos.<br \/>\nDisponibilizamos servi\u00e7os diferenciados, desenhados para atender tanto a clientes finais quanto a outros escrit\u00f3rios de advocacia, atrav\u00e9s de correspond\u00eancia jur\u00eddica e servi\u00e7os de apoio em Portugal, agregando solu\u00e7\u00f5es com agilidade e efic\u00e1cia.<\/p>\n<div class=\"su-note\"  style=\"border-color:#dddddd;border-radius:3px;-moz-border-radius:3px;-webkit-border-radius:3px;\"><div class=\"su-note-inner su-u-clearfix su-u-trim\" style=\"background-color:#f7f7f7;border-color:#ffffff;color:#333333;border-radius:3px;-moz-border-radius:3px;-webkit-border-radius:3px;\">\n<p>Auxiliamos o imigrante no processo de solicita\u00e7\u00e3o dos principais documentos para iniciar a vida em Portugal de forma legal. (NIF \u2013 N\u00famero de Contribuinte Fiscal, NISS Inscri\u00e7\u00e3o ou regulariza\u00e7\u00e3o na Seguran\u00e7a Social , Solicita\u00e7\u00e3o de Antecedentes Criminais e Certid\u00f5es Consulares, Abertura de contas banc\u00e1rias, Inscri\u00e7\u00e3o na Ordem dos Advogados\/Domicilia\u00e7\u00e3o, Manifesta\u00e7\u00e3o de Interesse e Autoriza\u00e7\u00e3o de Resid\u00eancia).<br \/>\nHomologa\u00e7\u00e3o de Senten\u00e7a Estrangeira de Div\u00f3rcio, Uni\u00e3o Est\u00e1vel e ado\u00e7\u00e3o perante o Tribunal da Rela\u00e7\u00e3o de Portugal.<br \/>\nRealizamos Transcri\u00e7\u00e3o de Casamento e Div\u00f3rcio perante as conservat\u00f3rias e buscas de certid\u00f5es para processo de nacionalidade portuguesa.<\/p>\n<\/div><\/div>\n<p><img loading=\"lazy\" decoding=\"async\" class=\"aligncenter wp-image-1063 size-large\" title=\"Correspondente Jur\u00eddico em Portugal\" src=\"https:\/\/geysacamara.com.br\/advocacia\/wp-content\/uploads\/2021\/07\/advocacia2-1024x533.jpg\" alt=\"Correspondente Jur\u00eddico em Portugal\" width=\"1024\" height=\"533\" srcset=\"https:\/\/geysacamara.com.br\/advocacia\/wp-content\/uploads\/2021\/07\/advocacia2-1024x533.jpg 1024w, https:\/\/geysacamara.com.br\/advocacia\/wp-content\/uploads\/2021\/07\/advocacia2-300x156.jpg 300w, https:\/\/geysacamara.com.br\/advocacia\/wp-content\/uploads\/2021\/07\/advocacia2-768x400.jpg 768w, https:\/\/geysacamara.com.br\/advocacia\/wp-content\/uploads\/2021\/07\/advocacia2-150x78.jpg 150w, https:\/\/geysacamara.com.br\/advocacia\/wp-content\/uploads\/2021\/07\/advocacia2.jpg 1400w\" sizes=\"auto, (max-width: 1024px) 100vw, 1024px\" \/><\/p>\n","protected":false},"excerpt":{"rendered":"<p>Correspond\u00eancia Jur\u00eddica em Portugal Atuamos em Portugal com a regulariza\u00e7\u00e3o e solicita\u00e7\u00e3o de documentos. Disponibilizamos servi\u00e7os diferenciados, desenhados para atender tanto a clientes finais quanto a outros escrit\u00f3rios de advocacia, atrav\u00e9s de correspond\u00eancia jur\u00eddica e servi\u00e7os de apoio em Portugal, agregando solu\u00e7\u00f5es com agilidade e efic\u00e1cia.<\/p>\n","protected":false},"author":1,"featured_media":0,"parent":0,"menu_order":0,"comment_status":"closed","ping_status":"closed","template":"","meta":{"footnotes":"","_links_to":"","_links_to_target":""},"class_list":["post-995","page","type-page","status-publish","hentry"],"yoast_head":"<!-- This site is optimized with the Yoast SEO plugin v26.7 - https:\/\/yoast.com\/wordpress\/plugins\/seo\/ -->\n<title>Advogado em Petr\u00f3polis, correspondente juridico Petr\u00f3polis RJ<\/title>\n<meta name=\"description\" content=\"Geysa Camara \u00e9 advogada em Petr\u00f3polis atuando ainda como Advogada Correspondente em Petr\u00f3polis e Rio, especializada em direito civil e consumidor.\" \/>\n<meta name=\"robots\" content=\"index, follow, max-snippet:-1, max-image-preview:large, max-video-preview:-1\" \/>\n<link rel=\"canonical\" href=\"https:\/\/geysacamara.com.br\/advocacia\/correspondente-juridico-em-portugal\/\" \/>\n<meta property=\"og:locale\" content=\"en_US\" \/>\n<meta property=\"og:type\" content=\"article\" \/>\n<meta property=\"og:title\" content=\"Advogado em Petr\u00f3polis, correspondente juridico Petr\u00f3polis RJ\" \/>\n<meta property=\"og:description\" content=\"Geysa Camara \u00e9 advogada em Petr\u00f3polis atuando ainda como Advogada Correspondente em Petr\u00f3polis e Rio, especializada em direito civil e consumidor.\" \/>\n<meta property=\"og:url\" content=\"https:\/\/geysacamara.com.br\/advocacia\/correspondente-juridico-em-portugal\/\" \/>\n<meta property=\"og:site_name\" content=\"GEYSA CAMARA\" \/>\n<meta property=\"article:publisher\" content=\"https:\/\/www.facebook.com\/geysacamaraadvogada\" \/>\n<meta property=\"article:modified_time\" content=\"2021-07-14T15:28:51+00:00\" \/>\n<meta property=\"og:image\" content=\"https:\/\/geysacamara.com.br\/advocacia\/wp-content\/uploads\/2021\/07\/advocacia2-1024x533.jpg\" \/>\n<meta name=\"twitter:card\" content=\"summary_large_image\" \/>\n<meta name=\"twitter:site\" content=\"@advocaciacamara\" \/>\n<meta name=\"twitter:label1\" content=\"Est. reading time\" \/>\n\t<meta name=\"twitter:data1\" content=\"1 minute\" \/>\n<script type=\"application\/ld+json\" class=\"yoast-schema-graph\">{\"@context\":\"https:\/\/schema.org\",\"@graph\":[{\"@type\":\"WebPage\",\"@id\":\"https:\/\/geysacamara.com.br\/advocacia\/correspondente-juridico-em-portugal\/\",\"url\":\"https:\/\/geysacamara.com.br\/advocacia\/correspondente-juridico-em-portugal\/\",\"name\":\"Advogado em Petr\u00f3polis, correspondente juridico Petr\u00f3polis RJ\",\"isPartOf\":{\"@id\":\"https:\/\/geysacamara.com.br\/advocacia\/#website\"},\"primaryImageOfPage\":{\"@id\":\"https:\/\/geysacamara.com.br\/advocacia\/correspondente-juridico-em-portugal\/#primaryimage\"},\"image\":{\"@id\":\"https:\/\/geysacamara.com.br\/advocacia\/correspondente-juridico-em-portugal\/#primaryimage\"},\"thumbnailUrl\":\"https:\/\/geysacamara.com.br\/advocacia\/wp-content\/uploads\/2021\/07\/advocacia2-1024x533.jpg\",\"datePublished\":\"2021-07-13T19:15:56+00:00\",\"dateModified\":\"2021-07-14T15:28:51+00:00\",\"description\":\"Geysa Camara \u00e9 advogada em Petr\u00f3polis atuando ainda como Advogada Correspondente em Petr\u00f3polis e Rio, especializada em direito civil e consumidor.\",\"inLanguage\":\"en-US\",\"potentialAction\":[{\"@type\":\"ReadAction\",\"target\":[\"https:\/\/geysacamara.com.br\/advocacia\/correspondente-juridico-em-portugal\/\"]}]},{\"@type\":\"ImageObject\",\"inLanguage\":\"en-US\",\"@id\":\"https:\/\/geysacamara.com.br\/advocacia\/correspondente-juridico-em-portugal\/#primaryimage\",\"url\":\"https:\/\/geysacamara.com.br\/advocacia\/wp-content\/uploads\/2021\/07\/advocacia2.jpg\",\"contentUrl\":\"https:\/\/geysacamara.com.br\/advocacia\/wp-content\/uploads\/2021\/07\/advocacia2.jpg\",\"width\":1400,\"height\":729},{\"@type\":\"WebSite\",\"@id\":\"https:\/\/geysacamara.com.br\/advocacia\/#website\",\"url\":\"https:\/\/geysacamara.com.br\/advocacia\/\",\"name\":\"GEYSA CAMARA\",\"description\":\"Advogada Petr\u00f3polis RJ e  Portugal\",\"potentialAction\":[{\"@type\":\"SearchAction\",\"target\":{\"@type\":\"EntryPoint\",\"urlTemplate\":\"https:\/\/geysacamara.com.br\/advocacia\/?s={search_term_string}\"},\"query-input\":{\"@type\":\"PropertyValueSpecification\",\"valueRequired\":true,\"valueName\":\"search_term_string\"}}],\"inLanguage\":\"en-US\"}]}<\/script>\n<!-- \/ Yoast SEO plugin. -->","yoast_head_json":{"title":"Advogado em Petr\u00f3polis, correspondente juridico Petr\u00f3polis RJ","description":"Geysa Camara \u00e9 advogada em Petr\u00f3polis atuando ainda como Advogada Correspondente em Petr\u00f3polis e Rio, especializada em direito civil e consumidor.","robots":{"index":"index","follow":"follow","max-snippet":"max-snippet:-1","max-image-preview":"max-image-preview:large","max-video-preview":"max-video-preview:-1"},"canonical":"https:\/\/geysacamara.com.br\/advocacia\/correspondente-juridico-em-portugal\/","og_locale":"en_US","og_type":"article","og_title":"Advogado em Petr\u00f3polis, correspondente juridico Petr\u00f3polis RJ","og_description":"Geysa Camara \u00e9 advogada em Petr\u00f3polis atuando ainda como Advogada Correspondente em Petr\u00f3polis e Rio, especializada em direito civil e consumidor.","og_url":"https:\/\/geysacamara.com.br\/advocacia\/correspondente-juridico-em-portugal\/","og_site_name":"GEYSA CAMARA","article_publisher":"https:\/\/www.facebook.com\/geysacamaraadvogada","article_modified_time":"2021-07-14T15:28:51+00:00","og_image":[{"url":"https:\/\/geysacamara.com.br\/advocacia\/wp-content\/uploads\/2021\/07\/advocacia2-1024x533.jpg","type":"","width":"","height":""}],"twitter_card":"summary_large_image","twitter_site":"@advocaciacamara","twitter_misc":{"Est. reading time":"1 minute"},"schema":{"@context":"https:\/\/schema.org","@graph":[{"@type":"WebPage","@id":"https:\/\/geysacamara.com.br\/advocacia\/correspondente-juridico-em-portugal\/","url":"https:\/\/geysacamara.com.br\/advocacia\/correspondente-juridico-em-portugal\/","name":"Advogado em Petr\u00f3polis, correspondente juridico Petr\u00f3polis RJ","isPartOf":{"@id":"https:\/\/geysacamara.com.br\/advocacia\/#website"},"primaryImageOfPage":{"@id":"https:\/\/geysacamara.com.br\/advocacia\/correspondente-juridico-em-portugal\/#primaryimage"},"image":{"@id":"https:\/\/geysacamara.com.br\/advocacia\/correspondente-juridico-em-portugal\/#primaryimage"},"thumbnailUrl":"https:\/\/geysacamara.com.br\/advocacia\/wp-content\/uploads\/2021\/07\/advocacia2-1024x533.jpg","datePublished":"2021-07-13T19:15:56+00:00","dateModified":"2021-07-14T15:28:51+00:00","description":"Geysa Camara \u00e9 advogada em Petr\u00f3polis atuando ainda como Advogada Correspondente em Petr\u00f3polis e Rio, especializada em direito civil e consumidor.","inLanguage":"en-US","potentialAction":[{"@type":"ReadAction","target":["https:\/\/geysacamara.com.br\/advocacia\/correspondente-juridico-em-portugal\/"]}]},{"@type":"ImageObject","inLanguage":"en-US","@id":"https:\/\/geysacamara.com.br\/advocacia\/correspondente-juridico-em-portugal\/#primaryimage","url":"https:\/\/geysacamara.com.br\/advocacia\/wp-content\/uploads\/2021\/07\/advocacia2.jpg","contentUrl":"https:\/\/geysacamara.com.br\/advocacia\/wp-content\/uploads\/2021\/07\/advocacia2.jpg","width":1400,"height":729},{"@type":"WebSite","@id":"https:\/\/geysacamara.com.br\/advocacia\/#website","url":"https:\/\/geysacamara.com.br\/advocacia\/","name":"GEYSA CAMARA","description":"Advogada Petr\u00f3polis RJ e  Portugal","potentialAction":[{"@type":"SearchAction","target":{"@type":"EntryPoint","urlTemplate":"https:\/\/geysacamara.com.br\/advocacia\/?s={search_term_string}"},"query-input":{"@type":"PropertyValueSpecification","valueRequired":true,"valueName":"search_term_string"}}],"inLanguage":"en-US"}]}},"_links":{"self":[{"href":"https:\/\/geysacamara.com.br\/advocacia\/wp-json\/wp\/v2\/pages\/995","targetHints":{"allow":["GET"]}}],"collection":[{"href":"https:\/\/geysacamara.com.br\/advocacia\/wp-json\/wp\/v2\/pages"}],"about":[{"href":"https:\/\/geysacamara.com.br\/advocacia\/wp-json\/wp\/v2\/types\/page"}],"author":[{"embeddable":true,"href":"https:\/\/geysacamara.com.br\/advocacia\/wp-json\/wp\/v2\/users\/1"}],"replies":[{"embeddable":true,"href":"https:\/\/geysacamara.com.br\/advocacia\/wp-json\/wp\/v2\/comments?post=995"}],"version-history":[{"count":4,"href":"https:\/\/geysacamara.com.br\/advocacia\/wp-json\/wp\/v2\/pages\/995\/revisions"}],"predecessor-version":[{"id":1103,"href":"https:\/\/geysacamara.com.br\/advocacia\/wp-json\/wp\/v2\/pages\/995\/revisions\/1103"}],"wp:attachment":[{"href":"https:\/\/geysacamara.com.br\/advocacia\/wp-json\/wp\/v2\/media?parent=995"}],"curies":[{"name":"wp","href":"https:\/\/api.w.org\/{rel}","templated":true}]}}