{"id":997,"date":"2021-07-13T19:16:37","date_gmt":"2021-07-13T19:16:37","guid":{"rendered":"https:\/\/geysacamara.com.br\/advocacia\/?page_id=997"},"modified":"2021-07-14T15:51:23","modified_gmt":"2021-07-14T15:51:23","slug":"registro-de-marcas-2","status":"publish","type":"page","link":"https:\/\/geysacamara.com.br\/advocacia\/registro-de-marcas-2\/","title":{"rendered":"Registro de Marcas"},"content":{"rendered":"<h2><strong>Registro de Marcas &#8211; Brasil e Portugal<\/strong><\/h2>\n<p>Realizamos a consulta da disponibilidade da marca para registro, identifica\u00e7\u00e3o e estrat\u00e9gia de registro por classes, bem como an\u00e1lise de jurisdi\u00e7\u00f5es para viabilizar n\u00e3o s\u00f3 a prote\u00e7\u00e3o local, mas tamb\u00e9m internacional.<\/p>\n<div class=\"su-note\"  style=\"border-color:#dddddd;border-radius:3px;-moz-border-radius:3px;-webkit-border-radius:3px;\"><div class=\"su-note-inner su-u-clearfix su-u-trim\" style=\"background-color:#f7f7f7;border-color:#ffffff;color:#333333;border-radius:3px;-moz-border-radius:3px;-webkit-border-radius:3px;\">\n<p>Atuamos com Pedido de Registro e acompanhamento de Marcas perante o INPI de Brasil<\/p>\n<\/div><\/div>\n<div class=\"su-note\"  style=\"border-color:#dddddd;border-radius:3px;-moz-border-radius:3px;-webkit-border-radius:3px;\"><div class=\"su-note-inner su-u-clearfix su-u-trim\" style=\"background-color:#f7f7f7;border-color:#ffffff;color:#333333;border-radius:3px;-moz-border-radius:3px;-webkit-border-radius:3px;\">\n<p>Atuamos com Pedido de Registro e acompanhamento de Marcas perante INPI de Portugal<\/p>\n<\/div><\/div>\n<div class=\"su-note\"  style=\"border-color:#dddddd;border-radius:3px;-moz-border-radius:3px;-webkit-border-radius:3px;\"><div class=\"su-note-inner su-u-clearfix su-u-trim\" style=\"background-color:#f7f7f7;border-color:#ffffff;color:#333333;border-radius:3px;-moz-border-radius:3px;-webkit-border-radius:3px;\">\n<p>Atuamos com Pedido de Registro e acompanhamento de Marcas na Uni\u00e3o Europeia &#8211; Um \u00fanico pedido realizado perante o European Union Intellectual Property Office \u2013 EUIPO, garante prote\u00e7\u00e3o marcaria nos 27 Estados Membros da Uni\u00e3o Europeia.<\/p>\n<\/div><\/div>\n<p>&nbsp;<\/p>\n<p><img loading=\"lazy\" decoding=\"async\" class=\"aligncenter size-large wp-image-1034\" src=\"https:\/\/geysacamara.com.br\/advocacia\/wp-content\/uploads\/2021\/07\/marca-registrada-brasil-e-p-1024x533.jpg\" alt=\"Registro de Marcas Brasil e Portugal\" width=\"1024\" height=\"533\" srcset=\"https:\/\/geysacamara.com.br\/advocacia\/wp-content\/uploads\/2021\/07\/marca-registrada-brasil-e-p-1024x533.jpg 1024w, https:\/\/geysacamara.com.br\/advocacia\/wp-content\/uploads\/2021\/07\/marca-registrada-brasil-e-p-300x156.jpg 300w, https:\/\/geysacamara.com.br\/advocacia\/wp-content\/uploads\/2021\/07\/marca-registrada-brasil-e-p-768x400.jpg 768w, https:\/\/geysacamara.com.br\/advocacia\/wp-content\/uploads\/2021\/07\/marca-registrada-brasil-e-p-150x78.jpg 150w, https:\/\/geysacamara.com.br\/advocacia\/wp-content\/uploads\/2021\/07\/marca-registrada-brasil-e-p.jpg 1400w\" sizes=\"auto, (max-width: 1024px) 100vw, 1024px\" \/><\/p>\n","protected":false},"excerpt":{"rendered":"<p>Registro de Marcas &#8211; Brasil e Portugal Realizamos a consulta da disponibilidade da marca para registro, identifica\u00e7\u00e3o e estrat\u00e9gia de registro por classes, bem como an\u00e1lise de jurisdi\u00e7\u00f5es para viabilizar n\u00e3o s\u00f3 a prote\u00e7\u00e3o local, mas tamb\u00e9m internacional. &nbsp;<\/p>\n","protected":false},"author":1,"featured_media":0,"parent":0,"menu_order":0,"comment_status":"closed","ping_status":"closed","template":"","meta":{"footnotes":"","_links_to":"","_links_to_target":""},"class_list":["post-997","page","type-page","status-publish","hentry"],"yoast_head":"<!-- This site is optimized with the Yoast SEO plugin v26.7 - https:\/\/yoast.com\/wordpress\/plugins\/seo\/ -->\n<title>Advogado em Petr\u00f3polis, correspondente juridico Petr\u00f3polis RJ<\/title>\n<meta name=\"description\" content=\"Geysa Camara \u00e9 advogada em Petr\u00f3polis atuando ainda como Advogada Correspondente em Petr\u00f3polis e Rio, especializada em direito civil e consumidor.\" \/>\n<meta name=\"robots\" content=\"index, follow, max-snippet:-1, max-image-preview:large, max-video-preview:-1\" \/>\n<link rel=\"canonical\" href=\"https:\/\/geysacamara.com.br\/advocacia\/registro-de-marcas-2\/\" \/>\n<meta property=\"og:locale\" content=\"en_US\" \/>\n<meta property=\"og:type\" content=\"article\" \/>\n<meta property=\"og:title\" content=\"Advogado em Petr\u00f3polis, correspondente juridico Petr\u00f3polis RJ\" \/>\n<meta property=\"og:description\" content=\"Geysa Camara \u00e9 advogada em Petr\u00f3polis atuando ainda como Advogada Correspondente em Petr\u00f3polis e Rio, especializada em direito civil e consumidor.\" \/>\n<meta property=\"og:url\" content=\"https:\/\/geysacamara.com.br\/advocacia\/registro-de-marcas-2\/\" \/>\n<meta property=\"og:site_name\" content=\"GEYSA CAMARA\" \/>\n<meta property=\"article:publisher\" content=\"https:\/\/www.facebook.com\/geysacamaraadvogada\" \/>\n<meta property=\"article:modified_time\" content=\"2021-07-14T15:51:23+00:00\" \/>\n<meta property=\"og:image\" content=\"https:\/\/geysacamara.com.br\/advocacia\/wp-content\/uploads\/2021\/07\/marca-registrada-brasil-e-p-1024x533.jpg\" \/>\n<meta name=\"twitter:card\" content=\"summary_large_image\" \/>\n<meta name=\"twitter:site\" content=\"@advocaciacamara\" \/>\n<meta name=\"twitter:label1\" content=\"Est. reading time\" \/>\n\t<meta name=\"twitter:data1\" content=\"1 minute\" \/>\n<script type=\"application\/ld+json\" class=\"yoast-schema-graph\">{\"@context\":\"https:\/\/schema.org\",\"@graph\":[{\"@type\":\"WebPage\",\"@id\":\"https:\/\/geysacamara.com.br\/advocacia\/registro-de-marcas-2\/\",\"url\":\"https:\/\/geysacamara.com.br\/advocacia\/registro-de-marcas-2\/\",\"name\":\"Advogado em Petr\u00f3polis, correspondente juridico Petr\u00f3polis RJ\",\"isPartOf\":{\"@id\":\"https:\/\/geysacamara.com.br\/advocacia\/#website\"},\"primaryImageOfPage\":{\"@id\":\"https:\/\/geysacamara.com.br\/advocacia\/registro-de-marcas-2\/#primaryimage\"},\"image\":{\"@id\":\"https:\/\/geysacamara.com.br\/advocacia\/registro-de-marcas-2\/#primaryimage\"},\"thumbnailUrl\":\"https:\/\/geysacamara.com.br\/advocacia\/wp-content\/uploads\/2021\/07\/marca-registrada-brasil-e-p-1024x533.jpg\",\"datePublished\":\"2021-07-13T19:16:37+00:00\",\"dateModified\":\"2021-07-14T15:51:23+00:00\",\"description\":\"Geysa Camara \u00e9 advogada em Petr\u00f3polis atuando ainda como Advogada Correspondente em Petr\u00f3polis e Rio, especializada em direito civil e consumidor.\",\"inLanguage\":\"en-US\",\"potentialAction\":[{\"@type\":\"ReadAction\",\"target\":[\"https:\/\/geysacamara.com.br\/advocacia\/registro-de-marcas-2\/\"]}]},{\"@type\":\"ImageObject\",\"inLanguage\":\"en-US\",\"@id\":\"https:\/\/geysacamara.com.br\/advocacia\/registro-de-marcas-2\/#primaryimage\",\"url\":\"https:\/\/geysacamara.com.br\/advocacia\/wp-content\/uploads\/2021\/07\/marca-registrada-brasil-e-p.jpg\",\"contentUrl\":\"https:\/\/geysacamara.com.br\/advocacia\/wp-content\/uploads\/2021\/07\/marca-registrada-brasil-e-p.jpg\",\"width\":1400,\"height\":729,\"caption\":\"Registro de Marcas Brasil e Portugal\"},{\"@type\":\"WebSite\",\"@id\":\"https:\/\/geysacamara.com.br\/advocacia\/#website\",\"url\":\"https:\/\/geysacamara.com.br\/advocacia\/\",\"name\":\"GEYSA CAMARA\",\"description\":\"Advogada Petr\u00f3polis RJ e  Portugal\",\"potentialAction\":[{\"@type\":\"SearchAction\",\"target\":{\"@type\":\"EntryPoint\",\"urlTemplate\":\"https:\/\/geysacamara.com.br\/advocacia\/?s={search_term_string}\"},\"query-input\":{\"@type\":\"PropertyValueSpecification\",\"valueRequired\":true,\"valueName\":\"search_term_string\"}}],\"inLanguage\":\"en-US\"}]}<\/script>\n<!-- \/ Yoast SEO plugin. -->","yoast_head_json":{"title":"Advogado em Petr\u00f3polis, correspondente juridico Petr\u00f3polis RJ","description":"Geysa Camara \u00e9 advogada em Petr\u00f3polis atuando ainda como Advogada Correspondente em Petr\u00f3polis e Rio, especializada em direito civil e consumidor.","robots":{"index":"index","follow":"follow","max-snippet":"max-snippet:-1","max-image-preview":"max-image-preview:large","max-video-preview":"max-video-preview:-1"},"canonical":"https:\/\/geysacamara.com.br\/advocacia\/registro-de-marcas-2\/","og_locale":"en_US","og_type":"article","og_title":"Advogado em Petr\u00f3polis, correspondente juridico Petr\u00f3polis RJ","og_description":"Geysa Camara \u00e9 advogada em Petr\u00f3polis atuando ainda como Advogada Correspondente em Petr\u00f3polis e Rio, especializada em direito civil e consumidor.","og_url":"https:\/\/geysacamara.com.br\/advocacia\/registro-de-marcas-2\/","og_site_name":"GEYSA CAMARA","article_publisher":"https:\/\/www.facebook.com\/geysacamaraadvogada","article_modified_time":"2021-07-14T15:51:23+00:00","og_image":[{"url":"https:\/\/geysacamara.com.br\/advocacia\/wp-content\/uploads\/2021\/07\/marca-registrada-brasil-e-p-1024x533.jpg","type":"","width":"","height":""}],"twitter_card":"summary_large_image","twitter_site":"@advocaciacamara","twitter_misc":{"Est. reading time":"1 minute"},"schema":{"@context":"https:\/\/schema.org","@graph":[{"@type":"WebPage","@id":"https:\/\/geysacamara.com.br\/advocacia\/registro-de-marcas-2\/","url":"https:\/\/geysacamara.com.br\/advocacia\/registro-de-marcas-2\/","name":"Advogado em Petr\u00f3polis, correspondente juridico Petr\u00f3polis RJ","isPartOf":{"@id":"https:\/\/geysacamara.com.br\/advocacia\/#website"},"primaryImageOfPage":{"@id":"https:\/\/geysacamara.com.br\/advocacia\/registro-de-marcas-2\/#primaryimage"},"image":{"@id":"https:\/\/geysacamara.com.br\/advocacia\/registro-de-marcas-2\/#primaryimage"},"thumbnailUrl":"https:\/\/geysacamara.com.br\/advocacia\/wp-content\/uploads\/2021\/07\/marca-registrada-brasil-e-p-1024x533.jpg","datePublished":"2021-07-13T19:16:37+00:00","dateModified":"2021-07-14T15:51:23+00:00","description":"Geysa Camara \u00e9 advogada em Petr\u00f3polis atuando ainda como Advogada Correspondente em Petr\u00f3polis e Rio, especializada em direito civil e consumidor.","inLanguage":"en-US","potentialAction":[{"@type":"ReadAction","target":["https:\/\/geysacamara.com.br\/advocacia\/registro-de-marcas-2\/"]}]},{"@type":"ImageObject","inLanguage":"en-US","@id":"https:\/\/geysacamara.com.br\/advocacia\/registro-de-marcas-2\/#primaryimage","url":"https:\/\/geysacamara.com.br\/advocacia\/wp-content\/uploads\/2021\/07\/marca-registrada-brasil-e-p.jpg","contentUrl":"https:\/\/geysacamara.com.br\/advocacia\/wp-content\/uploads\/2021\/07\/marca-registrada-brasil-e-p.jpg","width":1400,"height":729,"caption":"Registro de Marcas Brasil e Portugal"},{"@type":"WebSite","@id":"https:\/\/geysacamara.com.br\/advocacia\/#website","url":"https:\/\/geysacamara.com.br\/advocacia\/","name":"GEYSA CAMARA","description":"Advogada Petr\u00f3polis RJ e  Portugal","potentialAction":[{"@type":"SearchAction","target":{"@type":"EntryPoint","urlTemplate":"https:\/\/geysacamara.com.br\/advocacia\/?s={search_term_string}"},"query-input":{"@type":"PropertyValueSpecification","valueRequired":true,"valueName":"search_term_string"}}],"inLanguage":"en-US"}]}},"_links":{"self":[{"href":"https:\/\/geysacamara.com.br\/advocacia\/wp-json\/wp\/v2\/pages\/997","targetHints":{"allow":["GET"]}}],"collection":[{"href":"https:\/\/geysacamara.com.br\/advocacia\/wp-json\/wp\/v2\/pages"}],"about":[{"href":"https:\/\/geysacamara.com.br\/advocacia\/wp-json\/wp\/v2\/types\/page"}],"author":[{"embeddable":true,"href":"https:\/\/geysacamara.com.br\/advocacia\/wp-json\/wp\/v2\/users\/1"}],"replies":[{"embeddable":true,"href":"https:\/\/geysacamara.com.br\/advocacia\/wp-json\/wp\/v2\/comments?post=997"}],"version-history":[{"count":3,"href":"https:\/\/geysacamara.com.br\/advocacia\/wp-json\/wp\/v2\/pages\/997\/revisions"}],"predecessor-version":[{"id":1126,"href":"https:\/\/geysacamara.com.br\/advocacia\/wp-json\/wp\/v2\/pages\/997\/revisions\/1126"}],"wp:attachment":[{"href":"https:\/\/geysacamara.com.br\/advocacia\/wp-json\/wp\/v2\/media?parent=997"}],"curies":[{"name":"wp","href":"https:\/\/api.w.org\/{rel}","templated":true}]}}